{"id":1204,"date":"2020-04-02T13:23:15","date_gmt":"2020-04-02T13:23:15","guid":{"rendered":"https:\/\/tovar.eus\/?page_id=1204"},"modified":"2023-09-01T08:33:19","modified_gmt":"2023-09-01T06:33:19","slug":"bano","status":"publish","type":"page","link":"https:\/\/tovar.eus\/es\/bano","title":{"rendered":"Ba\u00f1o"},"content":{"rendered":"<div class=\"wpb-content-wrapper\"><p>[vc_row fwp_boxed=\u00bb0&#8243; fwp_offset=\u00bb0&#8243; el_class=\u00bbinbox\u00bb][vc_column css=\u00bb.vc_custom_1585834584746{margin-right: 0px !important;margin-left: 0px !important;padding-right: 0px !important;padding-left: 0px !important;}\u00bb][vc_empty_space height=\u00bb1px\u00bb el_class=\u00bbmargen_cincuenta\u00bb][\/vc_column][\/vc_row][vc_row fwp_boxed=\u00bb0&#8243; fwp_offset=\u00bb0&#8243; el_class=\u00bbinbox\u00bb][vc_column css=\u00bb.vc_custom_1585834584746{margin-right: 0px !important;margin-left: 0px !important;padding-right: 0px !important;padding-left: 0px !important;}\u00bb][rev_slider_vc alias=\u00bbbanio\u00bb][\/vc_column][\/vc_row][vc_row el_class=\u00bbinbox\u00bb][vc_column][vc_empty_space height=\u00bb1px\u00bb el_class=\u00bbmargen_cientoveinte\u00bb][vc_single_image image=\u00bb1518&#8243; img_size=\u00bbfull\u00bb alignment=\u00bbcenter\u00bb el_class=\u00bbicono_azul_dos\u00bb][vc_row_inner el_class=\u00bbinbox_dos\u00bb][vc_column_inner css=\u00bb.vc_custom_1587563014482{margin-top: 0px !important;margin-bottom: 0px !important;border-top-width: 0px !important;border-bottom-width: 0px !important;padding-top: 0px !important;padding-bottom: 0px !important;}\u00bb][vc_column_text]<\/p>\n<p style=\"text-align: center;\">Dicen que es el espacio de la casa que m\u00e1s se usa. Nos saludamos a nosotros mismos en ese espejo donde intentamos reactivarnos cada ma\u00f1ana, y tambi\u00e9n nos relajamos en \u00e9l cuando podemos. El cuarto de ba\u00f1o tiene que cumplir muchas funciones y hacerlo con armon\u00eda y eficacia.<\/p>\n<p>[\/vc_column_text][\/vc_column_inner][\/vc_row_inner][vc_empty_space height=\u00bb1px\u00bb el_class=\u00bbmargen_cientoveinte\u00bb][\/vc_column][\/vc_row][vc_row el_class=\u00bbinbox\u00bb][vc_column][vc_masonry_grid post_type=\u00bbpost\u00bb max_items=\u00bb-1&#8243; show_filter=\u00bbyes\u00bb element_width=\u00bb3&#8243; gap=\u00bb5&#8243; orderby=\u00bbrand\u00bb filter_style=\u00bbbordered\u00bb item=\u00bbmasonryMedia_Default\u00bb grid_id=\u00bbvc_gid:1693549968513-12dd9136946761db8c475e7595c069c1-10&#8243; filter_source=\u00bbcategory\u00bb exclude_filter=\u00bb1&#8243;][\/vc_column][\/vc_row][vc_row bg_type=\u00bbimage\u00bb parallax_style=\u00bbvcpb-default\u00bb bg_image_new=\u00bbid^1157|url^https:\/\/tovar.eus\/wp-content\/uploads\/2020\/04\/fondo.jpg|caption^null|alt^null|title^fondo|description^null\u00bb bg_image_repeat=\u00bbno-repeat\u00bb bg_override=\u00bbfull\u00bb el_class=\u00bbinbox\u00bb][vc_column][vc_empty_space height=\u00bb1px\u00bb el_class=\u00bbmargen_cien\u00bb][vc_column_text css=\u00bb.vc_custom_1585746428983{margin-bottom: 10px !important;}\u00bb]<\/p>\n<h1 style=\"text-align: center;\">NUESTRAS MARCAS<\/h1>\n<p>[\/vc_column_text][vc_separator color=\u00bbcustom\u00bb border_width=\u00bb6&#8243; el_width=\u00bb10&#8243; accent_color=\u00bb#91acbf\u00bb css=\u00bb.vc_custom_1587030927013{margin-top: 0px !important;margin-bottom: 50px !important;border-top-width: 0px !important;padding-top: 0px !important;}\u00bb el_class=\u00bbborde_tovar\u00bb][vc_column_text el_class=\u00bbinbox_mini\u00bb]<\/p>\n<p style=\"text-align: center;\">En nuestra exposici\u00f3n de Tolosa ver\u00e1s las \u00faltimas colecciones que hemos seleccionado en mueble de ba\u00f1o, grifer\u00eda y sanitarios. Todas las marcas con las que trabajamos son garant\u00eda de confianza, calidad, dise\u00f1o y altamente competitivas.<\/p>\n<p>[\/vc_column_text][vc_empty_space]<div id=\"ult-carousel-302957705969d364f075af3\" class=\"ult-carousel-wrapper   ult_horizontal\" data-gutter=\"30\" data-rtl=\"false\" ><div class=\"ult-carousel-222327528669d364f0759b0 \" >[vc_single_image image=\u00bb1588&#8243; img_size=\u00bbfull\u00bb][vc_single_image image=\u00bb1604&#8243; img_size=\u00bbfull\u00bb][vc_single_image image=\u00bb1587&#8243; img_size=\u00bbfull\u00bb][vc_single_image image=\u00bb1586&#8243; img_size=\u00bbfull\u00bb][vc_single_image image=\u00bb1584&#8243; img_size=\u00bbfull\u00bb][vc_single_image image=\u00bb1596&#8243; img_size=\u00bbfull\u00bb][vc_single_image image=\u00bb1605&#8243; img_size=\u00bbfull\u00bb][vc_single_image image=\u00bb1594&#8243; img_size=\u00bbfull\u00bb][vc_single_image image=\u00bb1601&#8243; img_size=\u00bbfull\u00bb][vc_single_image image=\u00bb1582&#8243; img_size=\u00bbfull\u00bb][vc_single_image image=\u00bb1589&#8243; img_size=\u00bbfull\u00bb][vc_single_image image=\u00bb1602&#8243; img_size=\u00bbfull\u00bb][vc_single_image image=\u00bb1595&#8243; img_size=\u00bbfull\u00bb][vc_single_image image=\u00bb1603&#8243; img_size=\u00bbfull\u00bb][vc_single_image image=\u00bb1593&#8243; img_size=\u00bbfull\u00bb][vc_single_image image=\u00bb1583&#8243; img_size=\u00bbfull\u00bb]<\/div><\/div>\t\t\t<script type=\"text\/javascript\">\r\n\t\t\t\tjQuery(document).ready(function ($) {\r\n\t\t\t\t\tif( typeof jQuery('.ult-carousel-222327528669d364f0759b0').slick == \"function\"){\r\n\t\t\t\t\t\t$('.ult-carousel-222327528669d364f0759b0').slick({dots: false,autoplay: true,autoplaySpeed: 5000,speed: 300,infinite: true,arrows: true,nextArrow: '<button type=\"button\" role=\"button\" aria-label=\"Next\" style=\"color:#c1c1c1; font-size:20px;\" class=\"slick-next default\"><i class=\"ultsl-arrow-right6\"><\/i><\/button>',prevArrow: '<button type=\"button\" role=\"button\" aria-label=\"Previous\" style=\"color:#c1c1c1; font-size:20px;\" class=\"slick-prev default\"><i class=\"ultsl-arrow-left6\"><\/i><\/button>',slidesToScroll:5,slidesToShow:5,swipe: true,draggable: true,touchMove: true,pauseOnHover: true,pauseOnFocus: false,responsive: [\r\n\t\t\t\t\t\t\t{\r\n\t\t\t\t\t\t\t  breakpoint: 1026,\r\n\t\t\t\t\t\t\t  settings: {\r\n\t\t\t\t\t\t\t\tslidesToShow: 5,\r\n\t\t\t\t\t\t\t\tslidesToScroll: 5,  \r\n\t\t\t\t\t\t\t  }\r\n\t\t\t\t\t\t\t},\r\n\t\t\t\t\t\t\t{\r\n\t\t\t\t\t\t\t  breakpoint: 1025,\r\n\t\t\t\t\t\t\t  settings: {\r\n\t\t\t\t\t\t\t\tslidesToShow: 3,\r\n\t\t\t\t\t\t\t\tslidesToScroll: 3\r\n\t\t\t\t\t\t\t  }\r\n\t\t\t\t\t\t\t},\r\n\t\t\t\t\t\t\t{\r\n\t\t\t\t\t\t\t  breakpoint: 760,\r\n\t\t\t\t\t\t\t  settings: {\r\n\t\t\t\t\t\t\t\tslidesToShow: 2,\r\n\t\t\t\t\t\t\t\tslidesToScroll: 2\r\n\t\t\t\t\t\t\t  }\r\n\t\t\t\t\t\t\t}\r\n\t\t\t\t\t\t],pauseOnDotsHover: true,customPaging: function(slider, i) {\r\n                   return '<i type=\"button\" style= \"color:#333333;\" class=\"ultsl-record\" data-role=\"none\"><\/i>';\r\n                },});\r\n\t\t\t\t\t}\r\n\t\t\t\t});\r\n\t\t\t<\/script>\r\n\t\t\t[vc_empty_space height=\u00bb1px\u00bb el_class=\u00bbmargen_cien\u00bb][\/vc_column][\/vc_row][vc_row content_placement=\u00bbmiddle\u00bb el_class=\u00bbinbox_margen ordenador\u00bb css=\u00bb.vc_custom_1587652004798{background-color: #91acbf !important;}\u00bb][vc_column width=\u00bb8\/12&#8243;][vc_column_text]<\/p>\n<h2 style=\"color: #ffffff; margin-bottom: 30px; text-align: center;\">\u00bfNECESITAS RENOVAR TU BA\u00d1O?<\/h2>\n<p style=\"color: #ffffff; text-align: center;\">VEN A VERNOS, ENCUENTRA TU ESTILO Y<br \/>\nDEJA QUE TRANSFORMEMOS TU IDEA EN REALIDAD[\/vc_column_text][vc_empty_space height=\u00bb30px\u00bb][vc_row_inner el_class=\u00bbinbox_banner\u00bb][vc_column_inner width=\u00bb1\/3&#8243;]<div class=\"aio-icon-component    style_1\"><div id=\"Info-box-wrap-7598\" class=\"aio-icon-box left-icon\" style=\"\"  ><div class=\"aio-icon-left\"><div class=\"ult-just-icon-wrapper  \"><div class=\"align-icon\" style=\"text-align:center;\">\n<div class=\"aio-icon none \"  style=\"color:#ffffff;font-size:35px;display:inline-block;\">\n\t<i class=\"Defaults-map-marker\"><\/i>\n<\/div><\/div><\/div><\/div><div class=\"aio-ibd-block\"><div class=\"aio-icon-header\" ><h4 class=\"aio-icon-title ult-responsive\"  data-ultimate-target='#Info-box-wrap-7598 .aio-icon-title'  data-responsive-json-new='{\"font-size\":\"\",\"line-height\":\"\"}'  style=\"\">Estamos en...<\/h4><\/div> <!-- header --><div class=\"aio-icon-description ult-responsive\"  data-ultimate-target='#Info-box-wrap-7598 .aio-icon-description'  data-responsive-json-new='{\"font-size\":\"\",\"line-height\":\"\"}'  style=\"\"><\/p>\n<p style=\"color: #ffffff;\">San Frantzisko Ibiltokia 30,<br \/>\n20400 Tolosa Gipuzkoa<\/div> <!-- description --><\/div> <!-- aio-ibd-block --><\/div> <!-- aio-icon-box --><\/div> <!-- aio-icon-component -->[\/vc_column_inner][vc_column_inner width=\u00bb1\/3&#8243;]<div class=\"aio-icon-component  vc_custom_1693549985009   style_1\"><div id=\"Info-box-wrap-6757\" class=\"aio-icon-box left-icon\" style=\"\"  ><div class=\"aio-icon-left\"><div class=\"ult-just-icon-wrapper  \"><div class=\"align-icon\" style=\"text-align:center;\">\n<div class=\"aio-icon none \"  style=\"color:#ffffff;font-size:35px;display:inline-block;\">\n\t<i class=\"Defaults-clock-o\"><\/i>\n<\/div><\/div><\/div><\/div><div class=\"aio-ibd-block\"><div class=\"aio-icon-header\" ><h4 class=\"aio-icon-title ult-responsive\"  data-ultimate-target='#Info-box-wrap-6757 .aio-icon-title'  data-responsive-json-new='{\"font-size\":\"\",\"line-height\":\"\"}'  style=\"\">Horario<\/h4><\/div> <!-- header --><div class=\"aio-icon-description ult-responsive\"  data-ultimate-target='#Info-box-wrap-6757 .aio-icon-description'  data-responsive-json-new='{\"font-size\":\"\",\"line-height\":\"\"}'  style=\"\"><\/p>\n<p style=\"color: #fff; margin-bottom: 10px !important;\"><span style=\"color: #ffffff;\">Lunes &#8211; viernes:<\/span><br \/>\n<span style=\"color: #ffffff;\">9:00-13:30 h<\/span><br \/>\n<span style=\"color: #ffffff;\">16:00-19:00 h<\/span><\/p>\n<p style=\"color: #fff;\"><span style=\"color: #ffffff;\">S\u00e1bado:<\/span><br \/>\n<span style=\"color: #ffffff;\">10:00-13:00 h<\/span><\/p>\n<p><\/div> <!-- description --><\/div> <!-- aio-ibd-block --><\/div> <!-- aio-icon-box --><\/div> <!-- aio-icon-component -->[\/vc_column_inner][vc_column_inner width=\u00bb1\/3&#8243;]<div class=\"aio-icon-component  vc_custom_1586954820032   style_1\"><div id=\"Info-box-wrap-7632\" class=\"aio-icon-box left-icon\" style=\"\"  ><div class=\"aio-icon-left\"><div class=\"ult-just-icon-wrapper  \"><div class=\"align-icon\" style=\"text-align:center;\">\n<div class=\"aio-icon none \"  style=\"color:#ffffff;font-size:35px;display:inline-block;\">\n\t<i class=\"Defaults-phone\"><\/i>\n<\/div><\/div><\/div><\/div><div class=\"aio-ibd-block\"><div class=\"aio-icon-header\" ><h4 class=\"aio-icon-title ult-responsive\"  data-ultimate-target='#Info-box-wrap-7632 .aio-icon-title'  data-responsive-json-new='{\"font-size\":\"\",\"line-height\":\"\"}'  style=\"\">Ll\u00e1manos<\/h4><\/div> <!-- header --><div class=\"aio-icon-description ult-responsive\"  data-ultimate-target='#Info-box-wrap-7632 .aio-icon-description'  data-responsive-json-new='{\"font-size\":\"\",\"line-height\":\"\"}'  style=\"\"><\/p>\n<p style=\"color: #fff;\">943 650 536<\/p>\n<p><\/div> <!-- description --><\/div> <!-- aio-ibd-block --><\/div> <!-- aio-icon-box --><\/div> <!-- aio-icon-component -->[\/vc_column_inner][\/vc_row_inner][\/vc_column][vc_column width=\u00bb4\/12&#8243; css=\u00bb.vc_custom_1586952351347{margin-top: 0px !important;margin-right: 0px !important;margin-bottom: 0px !important;margin-left: 0px !important;padding-top: 0px !important;padding-right: 0px !important;padding-bottom: 0px !important;padding-left: 0px !important;}\u00bb][vc_single_image image=\u00bb1615&#8243; img_size=\u00bbfull\u00bb css=\u00bb.vc_custom_1593090803086{margin-bottom: 0px !important;padding-bottom: 0px !important;}\u00bb][\/vc_column][\/vc_row][vc_row equal_height=\u00bbyes\u00bb content_placement=\u00bbmiddle\u00bb bg_type=\u00bbbg_color\u00bb bg_override=\u00bbbrowser_size\u00bb el_class=\u00bbinbox_margen movil\u00bb bg_color_value=\u00bb#91acbf\u00bb][vc_column][vc_column_text css=\u00bb.vc_custom_1595420633837{padding-top: 60px !important;}\u00bb]<\/p>\n<h2 style=\"color: #ffffff; margin-bottom: 30px; text-align: center;\">\u00bfNECESITAS RENOVAR TU BA\u00d1O?<\/h2>\n<p style=\"color: #ffffff; text-align: center;\">VEN A VERNOS, ENCUENTRA TU ESTILO Y DEJA QUE TRANSFORMEMOS TU IDEA EN REALIDAD<\/p>\n<p>[\/vc_column_text][vc_empty_space height=\u00bb30px\u00bb][vc_row_inner el_class=\u00bbinbox_banner\u00bb][vc_column_inner width=\u00bb1\/3&#8243;]<div class=\"aio-icon-component    style_1\"><div id=\"Info-box-wrap-7404\" class=\"aio-icon-box left-icon\" style=\"\"  ><div class=\"aio-icon-left\"><div class=\"ult-just-icon-wrapper  \"><div class=\"align-icon\" style=\"text-align:center;\">\n<div class=\"aio-icon none \"  style=\"color:#ffffff;font-size:35px;display:inline-block;\">\n\t<i class=\"Defaults-map-marker\"><\/i>\n<\/div><\/div><\/div><\/div><div class=\"aio-ibd-block\"><div class=\"aio-icon-header\" ><h4 class=\"aio-icon-title ult-responsive\"  data-ultimate-target='#Info-box-wrap-7404 .aio-icon-title'  data-responsive-json-new='{\"font-size\":\"\",\"line-height\":\"\"}'  style=\"\">Estamos en...<\/h4><\/div> <!-- header --><div class=\"aio-icon-description ult-responsive\"  data-ultimate-target='#Info-box-wrap-7404 .aio-icon-description'  data-responsive-json-new='{\"font-size\":\"\",\"line-height\":\"\"}'  style=\"\"><\/p>\n<p style=\"color: #ffffff;\">San Frantzisko Ibiltokia 30,<br \/>\n20400 Tolosa Gipuzkoa<\/div> <!-- description --><\/div> <!-- aio-ibd-block --><\/div> <!-- aio-icon-box --><\/div> <!-- aio-icon-component -->[\/vc_column_inner][vc_column_inner width=\u00bb1\/3&#8243;]<div class=\"aio-icon-component  vc_custom_1586954813576   style_1\"><div id=\"Info-box-wrap-1574\" class=\"aio-icon-box left-icon\" style=\"\"  ><div class=\"aio-icon-left\"><div class=\"ult-just-icon-wrapper  \"><div class=\"align-icon\" style=\"text-align:center;\">\n<div class=\"aio-icon none \"  style=\"color:#ffffff;font-size:35px;display:inline-block;\">\n\t<i class=\"Defaults-clock-o\"><\/i>\n<\/div><\/div><\/div><\/div><div class=\"aio-ibd-block\"><div class=\"aio-icon-header\" ><h4 class=\"aio-icon-title ult-responsive\"  data-ultimate-target='#Info-box-wrap-1574 .aio-icon-title'  data-responsive-json-new='{\"font-size\":\"\",\"line-height\":\"\"}'  style=\"\">Horario<\/h4><\/div> <!-- header --><div class=\"aio-icon-description ult-responsive\"  data-ultimate-target='#Info-box-wrap-1574 .aio-icon-description'  data-responsive-json-new='{\"font-size\":\"\",\"line-height\":\"\"}'  style=\"\"><\/p>\n<p style=\"color: #fff; margin-bottom: 10px !important;\">Lunes &#8211; viernes:<br \/>\n9:00-13:00 h<br \/>\n16:00-20:00 h<\/p>\n<p style=\"color: #fff;\">S\u00e1bado:<br \/>\n9:00-13:00 h<\/div> <!-- description --><\/div> <!-- aio-ibd-block --><\/div> <!-- aio-icon-box --><\/div> <!-- aio-icon-component -->[\/vc_column_inner][vc_column_inner width=\u00bb1\/3&#8243;]<div class=\"aio-icon-component  vc_custom_1586954820032   style_1\"><div id=\"Info-box-wrap-2991\" class=\"aio-icon-box left-icon\" style=\"\"  ><div class=\"aio-icon-left\"><div class=\"ult-just-icon-wrapper  \"><div class=\"align-icon\" style=\"text-align:center;\">\n<div class=\"aio-icon none \"  style=\"color:#ffffff;font-size:35px;display:inline-block;\">\n\t<i class=\"Defaults-phone\"><\/i>\n<\/div><\/div><\/div><\/div><div class=\"aio-ibd-block\"><div class=\"aio-icon-header\" ><h4 class=\"aio-icon-title ult-responsive\"  data-ultimate-target='#Info-box-wrap-2991 .aio-icon-title'  data-responsive-json-new='{\"font-size\":\"\",\"line-height\":\"\"}'  style=\"\">Ll\u00e1manos<\/h4><\/div> <!-- header --><div class=\"aio-icon-description ult-responsive\"  data-ultimate-target='#Info-box-wrap-2991 .aio-icon-description'  data-responsive-json-new='{\"font-size\":\"\",\"line-height\":\"\"}'  style=\"\"><\/p>\n<p style=\"color: #fff;\">943 650 536<\/p>\n<p><\/div> <!-- description --><\/div> <!-- aio-ibd-block --><\/div> <!-- aio-icon-box --><\/div> <!-- aio-icon-component -->[\/vc_column_inner][\/vc_row_inner][vc_single_image image=\u00bb1615&#8243; img_size=\u00bbfull\u00bb alignment=\u00bbcenter\u00bb css=\u00bb.vc_custom_1595419681161{margin-bottom: 0px !important;padding-bottom: 0px !important;}\u00bb][\/vc_column][\/vc_row][vc_row el_class=\u00bbordenador\u00bb][vc_column][vc_empty_space height=\u00bb1px\u00bb el_class=\u00bbmargen_cien\u00bb][\/vc_column][\/vc_row]<\/p>\n<\/div>","protected":false},"excerpt":{"rendered":"<p>[vc_row fwp_boxed=\u00bb0&#8243; fwp_offset=\u00bb0&#8243; el_class=\u00bbinbox\u00bb][vc_column css=\u00bb.vc_custom_1585834584746{margin-right: 0px !important;margin-left: 0px !important;padding-right: 0px !important;padding-left: 0px !important;}\u00bb][vc_empty_space height=\u00bb1px\u00bb el_class=\u00bbmargen_cincuenta\u00bb][\/vc_column][\/vc_row][vc_row fwp_boxed=\u00bb0&#8243; fwp_offset=\u00bb0&#8243; el_class=\u00bbinbox\u00bb][vc_column css=\u00bb.vc_custom_1585834584746{margin-right: 0px !important;margin-left: 0px !important;padding-right: 0px !important;padding-left: 0px !important;}\u00bb][rev_slider_vc alias=\u00bbbanio\u00bb][\/vc_column][\/vc_row][vc_row el_class=\u00bbinbox\u00bb][vc_column][vc_empty_space height=\u00bb1px\u00bb el_class=\u00bbmargen_cientoveinte\u00bb][vc_single_image image=\u00bb1518&#8243; img_size=\u00bbfull\u00bb alignment=\u00bbcenter\u00bb el_class=\u00bbicono_azul_dos\u00bb][vc_row_inner el_class=\u00bbinbox_dos\u00bb][vc_column_inner css=\u00bb.vc_custom_1587563014482{margin-top: 0px !important;margin-bottom: 0px !important;border-top-width: 0px !important;border-bottom-width: 0px !important;padding-top: 0px !important;padding-bottom: 0px !important;}\u00bb][vc_column_text] Dicen que es el espacio de &hellip;<\/p>\n","protected":false},"author":1,"featured_media":0,"parent":0,"menu_order":0,"comment_status":"closed","ping_status":"closed","template":"","meta":{"footnotes":""},"class_list":["post-1204","page","type-page","status-publish","hentry"],"yoast_head":"<!-- This site is optimized with the Yoast SEO plugin v27.3 - https:\/\/yoast.com\/product\/yoast-seo-wordpress\/ -->\n<title>Ba\u00f1o | Tovar<\/title>\n<meta name=\"robots\" content=\"index, follow, max-snippet:-1, max-image-preview:large, max-video-preview:-1\" \/>\n<link rel=\"canonical\" href=\"https:\/\/tovar.eus\/es\/bano\" \/>\n<meta property=\"og:locale\" content=\"es_ES\" \/>\n<meta property=\"og:type\" content=\"article\" \/>\n<meta property=\"og:title\" content=\"Ba\u00f1o | Tovar\" \/>\n<meta property=\"og:description\" content=\"[vc_row fwp_boxed=\u00bb0&#8243; fwp_offset=\u00bb0&#8243; el_class=\u00bbinbox\u00bb][vc_column css=\u00bb.vc_custom_1585834584746{margin-right: 0px !important;margin-left: 0px !important;padding-right: 0px !important;padding-left: 0px !important;}\u00bb][vc_empty_space height=\u00bb1px\u00bb el_class=\u00bbmargen_cincuenta\u00bb][\/vc_column][\/vc_row][vc_row fwp_boxed=\u00bb0&#8243; fwp_offset=\u00bb0&#8243; el_class=\u00bbinbox\u00bb][vc_column css=\u00bb.vc_custom_1585834584746{margin-right: 0px !important;margin-left: 0px !important;padding-right: 0px !important;padding-left: 0px !important;}\u00bb][rev_slider_vc alias=\u00bbbanio\u00bb][\/vc_column][\/vc_row][vc_row el_class=\u00bbinbox\u00bb][vc_column][vc_empty_space height=\u00bb1px\u00bb el_class=\u00bbmargen_cientoveinte\u00bb][vc_single_image image=\u00bb1518&#8243; img_size=\u00bbfull\u00bb alignment=\u00bbcenter\u00bb el_class=\u00bbicono_azul_dos\u00bb][vc_row_inner el_class=\u00bbinbox_dos\u00bb][vc_column_inner css=\u00bb.vc_custom_1587563014482{margin-top: 0px !important;margin-bottom: 0px !important;border-top-width: 0px !important;border-bottom-width: 0px !important;padding-top: 0px !important;padding-bottom: 0px !important;}\u00bb][vc_column_text] Dicen que es el espacio de &hellip;\" \/>\n<meta property=\"og:url\" content=\"https:\/\/tovar.eus\/es\/bano\" \/>\n<meta property=\"og:site_name\" content=\"Tovar\" \/>\n<meta property=\"article:modified_time\" content=\"2023-09-01T06:33:19+00:00\" \/>\n<meta name=\"twitter:card\" content=\"summary_large_image\" \/>\n<meta name=\"twitter:label1\" content=\"Tiempo de lectura\" \/>\n\t<meta name=\"twitter:data1\" content=\"5 minutos\" \/>\n<script type=\"application\/ld+json\" class=\"yoast-schema-graph\">{\"@context\":\"https:\\\/\\\/schema.org\",\"@graph\":[{\"@type\":\"WebPage\",\"@id\":\"https:\\\/\\\/tovar.eus\\\/es\\\/bano\",\"url\":\"https:\\\/\\\/tovar.eus\\\/es\\\/bano\",\"name\":\"Ba\u00f1o | Tovar\",\"isPartOf\":{\"@id\":\"https:\\\/\\\/tovar.eus\\\/#website\"},\"datePublished\":\"2020-04-02T13:23:15+00:00\",\"dateModified\":\"2023-09-01T06:33:19+00:00\",\"breadcrumb\":{\"@id\":\"https:\\\/\\\/tovar.eus\\\/es\\\/bano#breadcrumb\"},\"inLanguage\":\"es\",\"potentialAction\":[{\"@type\":\"ReadAction\",\"target\":[\"https:\\\/\\\/tovar.eus\\\/es\\\/bano\"]}]},{\"@type\":\"BreadcrumbList\",\"@id\":\"https:\\\/\\\/tovar.eus\\\/es\\\/bano#breadcrumb\",\"itemListElement\":[{\"@type\":\"ListItem\",\"position\":1,\"name\":\"Portada\",\"item\":\"https:\\\/\\\/tovar.eus\\\/es\"},{\"@type\":\"ListItem\",\"position\":2,\"name\":\"Ba\u00f1o\"}]},{\"@type\":\"WebSite\",\"@id\":\"https:\\\/\\\/tovar.eus\\\/#website\",\"url\":\"https:\\\/\\\/tovar.eus\\\/\",\"name\":\"Tovar\",\"description\":\"ura &amp; beroa\",\"publisher\":{\"@id\":\"https:\\\/\\\/tovar.eus\\\/#organization\"},\"potentialAction\":[{\"@type\":\"SearchAction\",\"target\":{\"@type\":\"EntryPoint\",\"urlTemplate\":\"https:\\\/\\\/tovar.eus\\\/?s={search_term_string}\"},\"query-input\":{\"@type\":\"PropertyValueSpecification\",\"valueRequired\":true,\"valueName\":\"search_term_string\"}}],\"inLanguage\":\"es\"},{\"@type\":\"Organization\",\"@id\":\"https:\\\/\\\/tovar.eus\\\/#organization\",\"name\":\"Tovar - ura eta beroa\",\"url\":\"https:\\\/\\\/tovar.eus\\\/\",\"logo\":{\"@type\":\"ImageObject\",\"inLanguage\":\"es\",\"@id\":\"https:\\\/\\\/tovar.eus\\\/#\\\/schema\\\/logo\\\/image\\\/\",\"url\":\"https:\\\/\\\/tovar.eus\\\/wp-content\\\/uploads\\\/2020\\\/03\\\/tovar-logo.png\",\"contentUrl\":\"https:\\\/\\\/tovar.eus\\\/wp-content\\\/uploads\\\/2020\\\/03\\\/tovar-logo.png\",\"width\":200,\"height\":100,\"caption\":\"Tovar - ura eta beroa\"},\"image\":{\"@id\":\"https:\\\/\\\/tovar.eus\\\/#\\\/schema\\\/logo\\\/image\\\/\"}}]}<\/script>\n<!-- \/ Yoast SEO plugin. -->","yoast_head_json":{"title":"Ba\u00f1o | Tovar","robots":{"index":"index","follow":"follow","max-snippet":"max-snippet:-1","max-image-preview":"max-image-preview:large","max-video-preview":"max-video-preview:-1"},"canonical":"https:\/\/tovar.eus\/es\/bano","og_locale":"es_ES","og_type":"article","og_title":"Ba\u00f1o | Tovar","og_description":"[vc_row fwp_boxed=\u00bb0&#8243; fwp_offset=\u00bb0&#8243; el_class=\u00bbinbox\u00bb][vc_column css=\u00bb.vc_custom_1585834584746{margin-right: 0px !important;margin-left: 0px !important;padding-right: 0px !important;padding-left: 0px !important;}\u00bb][vc_empty_space height=\u00bb1px\u00bb el_class=\u00bbmargen_cincuenta\u00bb][\/vc_column][\/vc_row][vc_row fwp_boxed=\u00bb0&#8243; fwp_offset=\u00bb0&#8243; el_class=\u00bbinbox\u00bb][vc_column css=\u00bb.vc_custom_1585834584746{margin-right: 0px !important;margin-left: 0px !important;padding-right: 0px !important;padding-left: 0px !important;}\u00bb][rev_slider_vc alias=\u00bbbanio\u00bb][\/vc_column][\/vc_row][vc_row el_class=\u00bbinbox\u00bb][vc_column][vc_empty_space height=\u00bb1px\u00bb el_class=\u00bbmargen_cientoveinte\u00bb][vc_single_image image=\u00bb1518&#8243; img_size=\u00bbfull\u00bb alignment=\u00bbcenter\u00bb el_class=\u00bbicono_azul_dos\u00bb][vc_row_inner el_class=\u00bbinbox_dos\u00bb][vc_column_inner css=\u00bb.vc_custom_1587563014482{margin-top: 0px !important;margin-bottom: 0px !important;border-top-width: 0px !important;border-bottom-width: 0px !important;padding-top: 0px !important;padding-bottom: 0px !important;}\u00bb][vc_column_text] Dicen que es el espacio de &hellip;","og_url":"https:\/\/tovar.eus\/es\/bano","og_site_name":"Tovar","article_modified_time":"2023-09-01T06:33:19+00:00","twitter_card":"summary_large_image","twitter_misc":{"Tiempo de lectura":"5 minutos"},"schema":{"@context":"https:\/\/schema.org","@graph":[{"@type":"WebPage","@id":"https:\/\/tovar.eus\/es\/bano","url":"https:\/\/tovar.eus\/es\/bano","name":"Ba\u00f1o | Tovar","isPartOf":{"@id":"https:\/\/tovar.eus\/#website"},"datePublished":"2020-04-02T13:23:15+00:00","dateModified":"2023-09-01T06:33:19+00:00","breadcrumb":{"@id":"https:\/\/tovar.eus\/es\/bano#breadcrumb"},"inLanguage":"es","potentialAction":[{"@type":"ReadAction","target":["https:\/\/tovar.eus\/es\/bano"]}]},{"@type":"BreadcrumbList","@id":"https:\/\/tovar.eus\/es\/bano#breadcrumb","itemListElement":[{"@type":"ListItem","position":1,"name":"Portada","item":"https:\/\/tovar.eus\/es"},{"@type":"ListItem","position":2,"name":"Ba\u00f1o"}]},{"@type":"WebSite","@id":"https:\/\/tovar.eus\/#website","url":"https:\/\/tovar.eus\/","name":"Tovar","description":"ura &amp; beroa","publisher":{"@id":"https:\/\/tovar.eus\/#organization"},"potentialAction":[{"@type":"SearchAction","target":{"@type":"EntryPoint","urlTemplate":"https:\/\/tovar.eus\/?s={search_term_string}"},"query-input":{"@type":"PropertyValueSpecification","valueRequired":true,"valueName":"search_term_string"}}],"inLanguage":"es"},{"@type":"Organization","@id":"https:\/\/tovar.eus\/#organization","name":"Tovar - ura eta beroa","url":"https:\/\/tovar.eus\/","logo":{"@type":"ImageObject","inLanguage":"es","@id":"https:\/\/tovar.eus\/#\/schema\/logo\/image\/","url":"https:\/\/tovar.eus\/wp-content\/uploads\/2020\/03\/tovar-logo.png","contentUrl":"https:\/\/tovar.eus\/wp-content\/uploads\/2020\/03\/tovar-logo.png","width":200,"height":100,"caption":"Tovar - ura eta beroa"},"image":{"@id":"https:\/\/tovar.eus\/#\/schema\/logo\/image\/"}}]}},"_links":{"self":[{"href":"https:\/\/tovar.eus\/es\/wp-json\/wp\/v2\/pages\/1204","targetHints":{"allow":["GET"]}}],"collection":[{"href":"https:\/\/tovar.eus\/es\/wp-json\/wp\/v2\/pages"}],"about":[{"href":"https:\/\/tovar.eus\/es\/wp-json\/wp\/v2\/types\/page"}],"author":[{"embeddable":true,"href":"https:\/\/tovar.eus\/es\/wp-json\/wp\/v2\/users\/1"}],"replies":[{"embeddable":true,"href":"https:\/\/tovar.eus\/es\/wp-json\/wp\/v2\/comments?post=1204"}],"version-history":[{"count":70,"href":"https:\/\/tovar.eus\/es\/wp-json\/wp\/v2\/pages\/1204\/revisions"}],"predecessor-version":[{"id":2275,"href":"https:\/\/tovar.eus\/es\/wp-json\/wp\/v2\/pages\/1204\/revisions\/2275"}],"wp:attachment":[{"href":"https:\/\/tovar.eus\/es\/wp-json\/wp\/v2\/media?parent=1204"}],"curies":[{"name":"wp","href":"https:\/\/api.w.org\/{rel}","templated":true}]}}