{"id":1284,"date":"2020-04-08T13:04:27","date_gmt":"2020-04-08T13:04:27","guid":{"rendered":"https:\/\/tovar.eus\/?page_id=1284"},"modified":"2023-09-01T08:34:53","modified_gmt":"2023-09-01T06:34:53","slug":"agua","status":"publish","type":"page","link":"https:\/\/tovar.eus\/es\/agua","title":{"rendered":"Agua"},"content":{"rendered":"<div class=\"wpb-content-wrapper\"><p>[vc_row fwp_boxed=\u00bb0&#8243; fwp_offset=\u00bb0&#8243; el_class=\u00bbinbox\u00bb][vc_column css=\u00bb.vc_custom_1585834584746{margin-right: 0px !important;margin-left: 0px !important;padding-right: 0px !important;padding-left: 0px !important;}\u00bb][vc_empty_space height=\u00bb1px\u00bb el_class=\u00bbmargen_cincuenta\u00bb][\/vc_column][\/vc_row][vc_row fwp_boxed=\u00bb0&#8243; fwp_offset=\u00bb0&#8243; el_class=\u00bbinbox\u00bb][vc_column css=\u00bb.vc_custom_1585834584746{margin-right: 0px !important;margin-left: 0px !important;padding-right: 0px !important;padding-left: 0px !important;}\u00bb][rev_slider_vc alias=\u00bbagua\u00bb][\/vc_column][\/vc_row][vc_row el_class=\u00bbinbox_banner\u00bb][vc_column][vc_empty_space height=\u00bb1px\u00bb el_class=\u00bbmargen_cientoveinte\u00bb][vc_single_image image=\u00bb1521&#8243; img_size=\u00bbfull\u00bb alignment=\u00bbcenter\u00bb el_class=\u00bbicono_azul\u00bb][vc_row_inner][vc_column_inner][vc_column_text]<\/p>\n<p style=\"text-align: center;\">La fontaner\u00eda es el origen de Tovar y llevamos acumulados m\u00e1s de 50 a\u00f1os de experiencia y de confianza de nuestros clientes, que es sin duda lo m\u00e1s importante. El mantenimiento adecuado de la instalaci\u00f3n de agua es muy importante para la calidad de la vivienda y nosotros podemos ayudarte.<\/p>\n<p>[\/vc_column_text][\/vc_column_inner][\/vc_row_inner][vc_empty_space height=\u00bb1px\u00bb el_class=\u00bbmargen_cientoveinte\u00bb][\/vc_column][\/vc_row][vc_row content_placement=\u00bbmiddle\u00bb el_class=\u00bbinbox\u00bb][vc_column width=\u00bb5\/12&#8243; css=\u00bb.vc_custom_1595413804883{padding-right: 0px !important;}\u00bb][vc_single_image image=\u00bb2200&#8243; img_size=\u00bbfull\u00bb alignment=\u00bbcenter\u00bb css=\u00bb.vc_custom_1595413873133{margin-bottom: 0px !important;padding-right: 0px !important;padding-left: 0px !important;}\u00bb][\/vc_column][vc_column width=\u00bb7\/12&#8243; css=\u00bb.vc_custom_1587031714582{border-top-width: 7px !important;border-right-width: 7px !important;border-bottom-width: 7px !important;padding-left: 50px !important;border-right-color: #dee6ec !important;border-right-style: solid !important;border-top-color: #dee6ec !important;border-top-style: solid !important;border-bottom-color: #dee6ec !important;border-bottom-style: solid !important;}\u00bb][vc_column_text css=\u00bb.vc_custom_1586356188910{margin-bottom: 10px !important;}\u00bb]<\/p>\n<h2>EXPERIENCIA<\/h2>\n<p>[\/vc_column_text][vc_separator color=\u00bbcustom\u00bb align=\u00bbalign_left\u00bb border_width=\u00bb6&#8243; el_width=\u00bb10&#8243; accent_color=\u00bb#91acbf\u00bb css=\u00bb.vc_custom_1586351201451{margin-top: 0px !important;margin-bottom: 50px !important;border-top-width: 0px !important;padding-top: 0px !important;}\u00bb][vc_column_text el_class=\u00bbinbox_mini_dos\u00bb]Somos expertos en fontaner\u00eda. Es as\u00ed de sencillo, todos los profesionales de Tovar sabemos hacer nuestro trabajo con solvencia y garant\u00eda.[\/vc_column_text][\/vc_column][\/vc_row][vc_row el_class=\u00bbinbox_banner\u00bb][vc_column][vc_empty_space height=\u00bb1px\u00bb el_class=\u00bbmargen_cincuenta\u00bb][\/vc_column][\/vc_row][vc_row content_placement=\u00bbmiddle\u00bb el_class=\u00bbinbox\u00bb][vc_column width=\u00bb7\/12&#8243; css=\u00bb.vc_custom_1587031724034{border-top-width: 7px !important;border-bottom-width: 7px !important;border-left-width: 7px !important;padding-left: 50px !important;border-left-color: #dee6ec !important;border-left-style: solid !important;border-top-color: #dee6ec !important;border-top-style: solid !important;border-bottom-color: #dee6ec !important;border-bottom-style: solid !important;}\u00bb][vc_column_text css=\u00bb.vc_custom_1586356196854{margin-bottom: 10px !important;}\u00bb]<\/p>\n<h2>SERVICIO DOM\u00c9STICO<\/h2>\n<p>[\/vc_column_text][vc_separator color=\u00bbcustom\u00bb align=\u00bbalign_left\u00bb border_width=\u00bb6&#8243; el_width=\u00bb10&#8243; accent_color=\u00bb#91acbf\u00bb css=\u00bb.vc_custom_1586351201451{margin-top: 0px !important;margin-bottom: 50px !important;border-top-width: 0px !important;padding-top: 0px !important;}\u00bb][vc_column_text el_class=\u00bbinbox_mini_dos\u00bb]Cuenta con nosotros para las necesidades cotidianas en tu hogar. Sabemos lo problem\u00e1ticas que son la aver\u00edas de fontaner\u00eda en casa y trataremos de atenderte con eficacia.[\/vc_column_text][\/vc_column][vc_column width=\u00bb5\/12&#8243; css=\u00bb.vc_custom_1586352319407{padding-left: 0px !important;}\u00bb][vc_single_image image=\u00bb2202&#8243; img_size=\u00bbfull\u00bb alignment=\u00bbright\u00bb css=\u00bb.vc_custom_1595413636051{margin-bottom: 0px !important;}\u00bb][\/vc_column][\/vc_row][vc_row el_class=\u00bbinbox_banner\u00bb][vc_column][vc_empty_space height=\u00bb1px\u00bb el_class=\u00bbmargen_cincuenta\u00bb][\/vc_column][\/vc_row][vc_row content_placement=\u00bbmiddle\u00bb el_class=\u00bbinbox\u00bb][vc_column width=\u00bb5\/12&#8243; css=\u00bb.vc_custom_1586352256904{padding-right: 0px !important;}\u00bb][vc_single_image image=\u00bb2204&#8243; img_size=\u00bbfull\u00bb css=\u00bb.vc_custom_1595413656420{margin-bottom: 0px !important;}\u00bb][\/vc_column][vc_column width=\u00bb7\/12&#8243; css=\u00bb.vc_custom_1587031734094{border-top-width: 7px !important;border-right-width: 7px !important;border-bottom-width: 7px !important;padding-left: 50px !important;border-right-color: #dee6ec !important;border-right-style: solid !important;border-top-color: #dee6ec !important;border-top-style: solid !important;border-bottom-color: #dee6ec !important;border-bottom-style: solid !important;}\u00bb][vc_column_text css=\u00bb.vc_custom_1586356205294{margin-bottom: 10px !important;}\u00bb]<\/p>\n<h2>SERVICIO INDUSTRIAL Y OBRA<\/h2>\n<p>[\/vc_column_text][vc_separator color=\u00bbcustom\u00bb align=\u00bbalign_left\u00bb border_width=\u00bb6&#8243; el_width=\u00bb10&#8243; accent_color=\u00bb#91acbf\u00bb css=\u00bb.vc_custom_1586351201451{margin-top: 0px !important;margin-bottom: 50px !important;border-top-width: 0px !important;padding-top: 0px !important;}\u00bb][vc_column_text el_class=\u00bbinbox_mini_dos\u00bb]Trabajamos en obra nueva como instaladores de fontaner\u00eda y de gas. Damos servicio a empresas y peque\u00f1os negocios adapt\u00e1ndonos a la realidad de cada profesional.[\/vc_column_text][\/vc_column][\/vc_row][vc_row][vc_column][vc_empty_space height=\u00bb1px\u00bb el_class=\u00bbmargen_cien\u00bb][\/vc_column][\/vc_row][vc_row equal_height=\u00bbyes\u00bb content_placement=\u00bbmiddle\u00bb el_class=\u00bbinbox_margen ordenador\u00bb css=\u00bb.vc_custom_1587651728142{background-color: #91acbf !important;}\u00bb][vc_column width=\u00bb8\/12&#8243;][vc_column_text]<\/p>\n<h2 style=\"color: #ffffff; margin-bottom: 30px; text-align: center;\">\u00bfNECESITAS RENOVAR TU BA\u00d1O?<\/h2>\n<p style=\"color: #ffffff; text-align: center;\">VEN A VERNOS, ENCUENTRA TU ESTILO Y<br \/>\nDEJA QUE TRANSFORMEMOS TU IDEA EN REALIDAD[\/vc_column_text][vc_empty_space height=\u00bb30px\u00bb][vc_row_inner el_class=\u00bbinbox_banner\u00bb][vc_column_inner width=\u00bb1\/3&#8243;]<div class=\"aio-icon-component    style_1\"><div id=\"Info-box-wrap-6179\" class=\"aio-icon-box left-icon\" style=\"\"  ><div class=\"aio-icon-left\"><div class=\"ult-just-icon-wrapper  \"><div class=\"align-icon\" style=\"text-align:center;\">\n<div class=\"aio-icon none \"  style=\"color:#ffffff;font-size:35px;display:inline-block;\">\n\t<i class=\"Defaults-map-marker\"><\/i>\n<\/div><\/div><\/div><\/div><div class=\"aio-ibd-block\"><div class=\"aio-icon-header\" ><h4 class=\"aio-icon-title ult-responsive\"  data-ultimate-target='#Info-box-wrap-6179 .aio-icon-title'  data-responsive-json-new='{\"font-size\":\"\",\"line-height\":\"\"}'  style=\"\">Estamos en...<\/h4><\/div> <!-- header --><div class=\"aio-icon-description ult-responsive\"  data-ultimate-target='#Info-box-wrap-6179 .aio-icon-description'  data-responsive-json-new='{\"font-size\":\"\",\"line-height\":\"\"}'  style=\"\"><\/p>\n<p style=\"color: #ffffff;\">San Frantzisko Ibiltokia 30,<br \/>\n20400 Tolosa Gipuzkoa<\/div> <!-- description --><\/div> <!-- aio-ibd-block --><\/div> <!-- aio-icon-box --><\/div> <!-- aio-icon-component -->[\/vc_column_inner][vc_column_inner width=\u00bb1\/3&#8243;]<div class=\"aio-icon-component  vc_custom_1693550067179   style_1\"><div id=\"Info-box-wrap-3724\" class=\"aio-icon-box left-icon\" style=\"\"  ><div class=\"aio-icon-left\"><div class=\"ult-just-icon-wrapper  \"><div class=\"align-icon\" style=\"text-align:center;\">\n<div class=\"aio-icon none \"  style=\"color:#ffffff;font-size:35px;display:inline-block;\">\n\t<i class=\"Defaults-clock-o\"><\/i>\n<\/div><\/div><\/div><\/div><div class=\"aio-ibd-block\"><div class=\"aio-icon-header\" ><h4 class=\"aio-icon-title ult-responsive\"  data-ultimate-target='#Info-box-wrap-3724 .aio-icon-title'  data-responsive-json-new='{\"font-size\":\"\",\"line-height\":\"\"}'  style=\"\">Horario<\/h4><\/div> <!-- header --><div class=\"aio-icon-description ult-responsive\"  data-ultimate-target='#Info-box-wrap-3724 .aio-icon-description'  data-responsive-json-new='{\"font-size\":\"\",\"line-height\":\"\"}'  style=\"\"><\/p>\n<p style=\"color: #fff; margin-bottom: 10px !important;\"><span style=\"color: #ffffff;\">Lunes &#8211; viernes:<\/span><br \/>\n<span style=\"color: #ffffff;\">9:00-13:30 h<\/span><br \/>\n<span style=\"color: #ffffff;\">16:00-19:00 h<\/span><\/p>\n<p style=\"color: #fff;\"><span style=\"color: #ffffff;\">S\u00e1bado:<\/span><br \/>\n<span style=\"color: #ffffff;\">10:00-13:00 h<\/span><\/p>\n<p><\/div> <!-- description --><\/div> <!-- aio-ibd-block --><\/div> <!-- aio-icon-box --><\/div> <!-- aio-icon-component -->[\/vc_column_inner][vc_column_inner width=\u00bb1\/3&#8243;]<div class=\"aio-icon-component  vc_custom_1586954820032   style_1\"><div id=\"Info-box-wrap-3530\" class=\"aio-icon-box left-icon\" style=\"\"  ><div class=\"aio-icon-left\"><div class=\"ult-just-icon-wrapper  \"><div class=\"align-icon\" style=\"text-align:center;\">\n<div class=\"aio-icon none \"  style=\"color:#ffffff;font-size:35px;display:inline-block;\">\n\t<i class=\"Defaults-phone\"><\/i>\n<\/div><\/div><\/div><\/div><div class=\"aio-ibd-block\"><div class=\"aio-icon-header\" ><h4 class=\"aio-icon-title ult-responsive\"  data-ultimate-target='#Info-box-wrap-3530 .aio-icon-title'  data-responsive-json-new='{\"font-size\":\"\",\"line-height\":\"\"}'  style=\"\">Ll\u00e1manos<\/h4><\/div> <!-- header --><div class=\"aio-icon-description ult-responsive\"  data-ultimate-target='#Info-box-wrap-3530 .aio-icon-description'  data-responsive-json-new='{\"font-size\":\"\",\"line-height\":\"\"}'  style=\"\"><\/p>\n<p style=\"color: #fff;\">943 650 536<\/p>\n<p><\/div> <!-- description --><\/div> <!-- aio-ibd-block --><\/div> <!-- aio-icon-box --><\/div> <!-- aio-icon-component -->[\/vc_column_inner][\/vc_row_inner][\/vc_column][vc_column width=\u00bb4\/12&#8243; css=\u00bb.vc_custom_1586952351347{margin-top: 0px !important;margin-right: 0px !important;margin-bottom: 0px !important;margin-left: 0px !important;padding-top: 0px !important;padding-right: 0px !important;padding-bottom: 0px !important;padding-left: 0px !important;}\u00bb][vc_single_image image=\u00bb1615&#8243; img_size=\u00bbfull\u00bb css=\u00bb.vc_custom_1593089873731{margin-bottom: 0px !important;padding-bottom: 0px !important;}\u00bb][\/vc_column][\/vc_row][vc_row equal_height=\u00bbyes\u00bb content_placement=\u00bbmiddle\u00bb bg_type=\u00bbbg_color\u00bb bg_override=\u00bbbrowser_size\u00bb el_class=\u00bbinbox_margen movil\u00bb bg_color_value=\u00bb#91acbf\u00bb][vc_column][vc_column_text css=\u00bb.vc_custom_1595420633837{padding-top: 60px !important;}\u00bb]<\/p>\n<h2 style=\"color: #ffffff; margin-bottom: 30px; text-align: center;\">\u00bfNECESITAS RENOVAR TU BA\u00d1O?<\/h2>\n<p style=\"color: #ffffff; text-align: center;\">VEN A VERNOS, ENCUENTRA TU ESTILO Y DEJA QUE TRANSFORMEMOS TU IDEA EN REALIDAD<\/p>\n<p>[\/vc_column_text][vc_empty_space height=\u00bb30px\u00bb][vc_row_inner el_class=\u00bbinbox_banner\u00bb][vc_column_inner width=\u00bb1\/3&#8243;]<div class=\"aio-icon-component    style_1\"><div id=\"Info-box-wrap-1875\" class=\"aio-icon-box left-icon\" style=\"\"  ><div class=\"aio-icon-left\"><div class=\"ult-just-icon-wrapper  \"><div class=\"align-icon\" style=\"text-align:center;\">\n<div class=\"aio-icon none \"  style=\"color:#ffffff;font-size:35px;display:inline-block;\">\n\t<i class=\"Defaults-map-marker\"><\/i>\n<\/div><\/div><\/div><\/div><div class=\"aio-ibd-block\"><div class=\"aio-icon-header\" ><h4 class=\"aio-icon-title ult-responsive\"  data-ultimate-target='#Info-box-wrap-1875 .aio-icon-title'  data-responsive-json-new='{\"font-size\":\"\",\"line-height\":\"\"}'  style=\"\">Estamos en...<\/h4><\/div> <!-- header --><div class=\"aio-icon-description ult-responsive\"  data-ultimate-target='#Info-box-wrap-1875 .aio-icon-description'  data-responsive-json-new='{\"font-size\":\"\",\"line-height\":\"\"}'  style=\"\"><\/p>\n<p style=\"color: #ffffff;\">San Frantzisko Ibiltokia 30,<br \/>\n20400 Tolosa Gipuzkoa<\/div> <!-- description --><\/div> <!-- aio-ibd-block --><\/div> <!-- aio-icon-box --><\/div> <!-- aio-icon-component -->[\/vc_column_inner][vc_column_inner width=\u00bb1\/3&#8243;]<div class=\"aio-icon-component  vc_custom_1586954813576   style_1\"><div id=\"Info-box-wrap-8411\" class=\"aio-icon-box left-icon\" style=\"\"  ><div class=\"aio-icon-left\"><div class=\"ult-just-icon-wrapper  \"><div class=\"align-icon\" style=\"text-align:center;\">\n<div class=\"aio-icon none \"  style=\"color:#ffffff;font-size:35px;display:inline-block;\">\n\t<i class=\"Defaults-clock-o\"><\/i>\n<\/div><\/div><\/div><\/div><div class=\"aio-ibd-block\"><div class=\"aio-icon-header\" ><h4 class=\"aio-icon-title ult-responsive\"  data-ultimate-target='#Info-box-wrap-8411 .aio-icon-title'  data-responsive-json-new='{\"font-size\":\"\",\"line-height\":\"\"}'  style=\"\">Horario<\/h4><\/div> <!-- header --><div class=\"aio-icon-description ult-responsive\"  data-ultimate-target='#Info-box-wrap-8411 .aio-icon-description'  data-responsive-json-new='{\"font-size\":\"\",\"line-height\":\"\"}'  style=\"\"><\/p>\n<p style=\"color: #fff; margin-bottom: 10px !important;\">Lunes &#8211; viernes:<br \/>\n9:00-13:00 h<br \/>\n16:00-20:00 h<\/p>\n<p style=\"color: #fff;\">S\u00e1bado:<br \/>\n9:00-13:00 h<\/div> <!-- description --><\/div> <!-- aio-ibd-block --><\/div> <!-- aio-icon-box --><\/div> <!-- aio-icon-component -->[\/vc_column_inner][vc_column_inner width=\u00bb1\/3&#8243;]<div class=\"aio-icon-component  vc_custom_1586954820032   style_1\"><div id=\"Info-box-wrap-2195\" class=\"aio-icon-box left-icon\" style=\"\"  ><div class=\"aio-icon-left\"><div class=\"ult-just-icon-wrapper  \"><div class=\"align-icon\" style=\"text-align:center;\">\n<div class=\"aio-icon none \"  style=\"color:#ffffff;font-size:35px;display:inline-block;\">\n\t<i class=\"Defaults-phone\"><\/i>\n<\/div><\/div><\/div><\/div><div class=\"aio-ibd-block\"><div class=\"aio-icon-header\" ><h4 class=\"aio-icon-title ult-responsive\"  data-ultimate-target='#Info-box-wrap-2195 .aio-icon-title'  data-responsive-json-new='{\"font-size\":\"\",\"line-height\":\"\"}'  style=\"\">Ll\u00e1manos<\/h4><\/div> <!-- header --><div class=\"aio-icon-description ult-responsive\"  data-ultimate-target='#Info-box-wrap-2195 .aio-icon-description'  data-responsive-json-new='{\"font-size\":\"\",\"line-height\":\"\"}'  style=\"\"><\/p>\n<p style=\"color: #fff;\">943 650 536<\/p>\n<p><\/div> <!-- description --><\/div> <!-- aio-ibd-block --><\/div> <!-- aio-icon-box --><\/div> <!-- aio-icon-component -->[\/vc_column_inner][\/vc_row_inner][vc_single_image image=\u00bb1615&#8243; img_size=\u00bbfull\u00bb alignment=\u00bbcenter\u00bb css=\u00bb.vc_custom_1595419681161{margin-bottom: 0px !important;padding-bottom: 0px !important;}\u00bb][\/vc_column][\/vc_row][vc_row el_class=\u00bbordenador\u00bb][vc_column][vc_empty_space height=\u00bb1px\u00bb el_class=\u00bbmargen_cien\u00bb][\/vc_column][\/vc_row]<\/p>\n<\/div>","protected":false},"excerpt":{"rendered":"<p>[vc_row fwp_boxed=\u00bb0&#8243; fwp_offset=\u00bb0&#8243; el_class=\u00bbinbox\u00bb][vc_column css=\u00bb.vc_custom_1585834584746{margin-right: 0px !important;margin-left: 0px !important;padding-right: 0px !important;padding-left: 0px !important;}\u00bb][vc_empty_space height=\u00bb1px\u00bb el_class=\u00bbmargen_cincuenta\u00bb][\/vc_column][\/vc_row][vc_row fwp_boxed=\u00bb0&#8243; fwp_offset=\u00bb0&#8243; el_class=\u00bbinbox\u00bb][vc_column css=\u00bb.vc_custom_1585834584746{margin-right: 0px !important;margin-left: 0px !important;padding-right: 0px !important;padding-left: 0px !important;}\u00bb][rev_slider_vc alias=\u00bbagua\u00bb][\/vc_column][\/vc_row][vc_row el_class=\u00bbinbox_banner\u00bb][vc_column][vc_empty_space height=\u00bb1px\u00bb el_class=\u00bbmargen_cientoveinte\u00bb][vc_single_image image=\u00bb1521&#8243; img_size=\u00bbfull\u00bb alignment=\u00bbcenter\u00bb el_class=\u00bbicono_azul\u00bb][vc_row_inner][vc_column_inner][vc_column_text] La fontaner\u00eda es el origen de Tovar y llevamos acumulados m\u00e1s de 50 a\u00f1os de experiencia y de confianza de &hellip;<\/p>\n","protected":false},"author":1,"featured_media":0,"parent":0,"menu_order":0,"comment_status":"closed","ping_status":"closed","template":"","meta":{"footnotes":""},"class_list":["post-1284","page","type-page","status-publish","hentry"],"yoast_head":"<!-- This site is optimized with the Yoast SEO plugin v27.3 - https:\/\/yoast.com\/product\/yoast-seo-wordpress\/ -->\n<title>Agua | Tovar<\/title>\n<meta name=\"robots\" content=\"index, follow, max-snippet:-1, max-image-preview:large, max-video-preview:-1\" \/>\n<link rel=\"canonical\" href=\"https:\/\/tovar.eus\/es\/agua\" \/>\n<meta property=\"og:locale\" content=\"es_ES\" \/>\n<meta property=\"og:type\" content=\"article\" \/>\n<meta property=\"og:title\" content=\"Agua | Tovar\" \/>\n<meta property=\"og:description\" content=\"[vc_row fwp_boxed=\u00bb0&#8243; fwp_offset=\u00bb0&#8243; el_class=\u00bbinbox\u00bb][vc_column css=\u00bb.vc_custom_1585834584746{margin-right: 0px !important;margin-left: 0px !important;padding-right: 0px !important;padding-left: 0px !important;}\u00bb][vc_empty_space height=\u00bb1px\u00bb el_class=\u00bbmargen_cincuenta\u00bb][\/vc_column][\/vc_row][vc_row fwp_boxed=\u00bb0&#8243; fwp_offset=\u00bb0&#8243; el_class=\u00bbinbox\u00bb][vc_column css=\u00bb.vc_custom_1585834584746{margin-right: 0px !important;margin-left: 0px !important;padding-right: 0px !important;padding-left: 0px !important;}\u00bb][rev_slider_vc alias=\u00bbagua\u00bb][\/vc_column][\/vc_row][vc_row el_class=\u00bbinbox_banner\u00bb][vc_column][vc_empty_space height=\u00bb1px\u00bb el_class=\u00bbmargen_cientoveinte\u00bb][vc_single_image image=\u00bb1521&#8243; img_size=\u00bbfull\u00bb alignment=\u00bbcenter\u00bb el_class=\u00bbicono_azul\u00bb][vc_row_inner][vc_column_inner][vc_column_text] La fontaner\u00eda es el origen de Tovar y llevamos acumulados m\u00e1s de 50 a\u00f1os de experiencia y de confianza de &hellip;\" \/>\n<meta property=\"og:url\" content=\"https:\/\/tovar.eus\/es\/agua\" \/>\n<meta property=\"og:site_name\" content=\"Tovar\" \/>\n<meta property=\"article:modified_time\" content=\"2023-09-01T06:34:53+00:00\" \/>\n<meta name=\"twitter:card\" content=\"summary_large_image\" \/>\n<meta name=\"twitter:label1\" content=\"Tiempo de lectura\" \/>\n\t<meta name=\"twitter:data1\" content=\"6 minutos\" \/>\n<script type=\"application\/ld+json\" class=\"yoast-schema-graph\">{\"@context\":\"https:\\\/\\\/schema.org\",\"@graph\":[{\"@type\":\"WebPage\",\"@id\":\"https:\\\/\\\/tovar.eus\\\/es\\\/agua\",\"url\":\"https:\\\/\\\/tovar.eus\\\/es\\\/agua\",\"name\":\"Agua | Tovar\",\"isPartOf\":{\"@id\":\"https:\\\/\\\/tovar.eus\\\/#website\"},\"datePublished\":\"2020-04-08T13:04:27+00:00\",\"dateModified\":\"2023-09-01T06:34:53+00:00\",\"breadcrumb\":{\"@id\":\"https:\\\/\\\/tovar.eus\\\/es\\\/agua#breadcrumb\"},\"inLanguage\":\"es\",\"potentialAction\":[{\"@type\":\"ReadAction\",\"target\":[\"https:\\\/\\\/tovar.eus\\\/es\\\/agua\"]}]},{\"@type\":\"BreadcrumbList\",\"@id\":\"https:\\\/\\\/tovar.eus\\\/es\\\/agua#breadcrumb\",\"itemListElement\":[{\"@type\":\"ListItem\",\"position\":1,\"name\":\"Portada\",\"item\":\"https:\\\/\\\/tovar.eus\\\/es\"},{\"@type\":\"ListItem\",\"position\":2,\"name\":\"Agua\"}]},{\"@type\":\"WebSite\",\"@id\":\"https:\\\/\\\/tovar.eus\\\/#website\",\"url\":\"https:\\\/\\\/tovar.eus\\\/\",\"name\":\"Tovar\",\"description\":\"ura &amp; beroa\",\"publisher\":{\"@id\":\"https:\\\/\\\/tovar.eus\\\/#organization\"},\"potentialAction\":[{\"@type\":\"SearchAction\",\"target\":{\"@type\":\"EntryPoint\",\"urlTemplate\":\"https:\\\/\\\/tovar.eus\\\/?s={search_term_string}\"},\"query-input\":{\"@type\":\"PropertyValueSpecification\",\"valueRequired\":true,\"valueName\":\"search_term_string\"}}],\"inLanguage\":\"es\"},{\"@type\":\"Organization\",\"@id\":\"https:\\\/\\\/tovar.eus\\\/#organization\",\"name\":\"Tovar - ura eta beroa\",\"url\":\"https:\\\/\\\/tovar.eus\\\/\",\"logo\":{\"@type\":\"ImageObject\",\"inLanguage\":\"es\",\"@id\":\"https:\\\/\\\/tovar.eus\\\/#\\\/schema\\\/logo\\\/image\\\/\",\"url\":\"https:\\\/\\\/tovar.eus\\\/wp-content\\\/uploads\\\/2020\\\/03\\\/tovar-logo.png\",\"contentUrl\":\"https:\\\/\\\/tovar.eus\\\/wp-content\\\/uploads\\\/2020\\\/03\\\/tovar-logo.png\",\"width\":200,\"height\":100,\"caption\":\"Tovar - ura eta beroa\"},\"image\":{\"@id\":\"https:\\\/\\\/tovar.eus\\\/#\\\/schema\\\/logo\\\/image\\\/\"}}]}<\/script>\n<!-- \/ Yoast SEO plugin. -->","yoast_head_json":{"title":"Agua | Tovar","robots":{"index":"index","follow":"follow","max-snippet":"max-snippet:-1","max-image-preview":"max-image-preview:large","max-video-preview":"max-video-preview:-1"},"canonical":"https:\/\/tovar.eus\/es\/agua","og_locale":"es_ES","og_type":"article","og_title":"Agua | Tovar","og_description":"[vc_row fwp_boxed=\u00bb0&#8243; fwp_offset=\u00bb0&#8243; el_class=\u00bbinbox\u00bb][vc_column css=\u00bb.vc_custom_1585834584746{margin-right: 0px !important;margin-left: 0px !important;padding-right: 0px !important;padding-left: 0px !important;}\u00bb][vc_empty_space height=\u00bb1px\u00bb el_class=\u00bbmargen_cincuenta\u00bb][\/vc_column][\/vc_row][vc_row fwp_boxed=\u00bb0&#8243; fwp_offset=\u00bb0&#8243; el_class=\u00bbinbox\u00bb][vc_column css=\u00bb.vc_custom_1585834584746{margin-right: 0px !important;margin-left: 0px !important;padding-right: 0px !important;padding-left: 0px !important;}\u00bb][rev_slider_vc alias=\u00bbagua\u00bb][\/vc_column][\/vc_row][vc_row el_class=\u00bbinbox_banner\u00bb][vc_column][vc_empty_space height=\u00bb1px\u00bb el_class=\u00bbmargen_cientoveinte\u00bb][vc_single_image image=\u00bb1521&#8243; img_size=\u00bbfull\u00bb alignment=\u00bbcenter\u00bb el_class=\u00bbicono_azul\u00bb][vc_row_inner][vc_column_inner][vc_column_text] La fontaner\u00eda es el origen de Tovar y llevamos acumulados m\u00e1s de 50 a\u00f1os de experiencia y de confianza de &hellip;","og_url":"https:\/\/tovar.eus\/es\/agua","og_site_name":"Tovar","article_modified_time":"2023-09-01T06:34:53+00:00","twitter_card":"summary_large_image","twitter_misc":{"Tiempo de lectura":"6 minutos"},"schema":{"@context":"https:\/\/schema.org","@graph":[{"@type":"WebPage","@id":"https:\/\/tovar.eus\/es\/agua","url":"https:\/\/tovar.eus\/es\/agua","name":"Agua | Tovar","isPartOf":{"@id":"https:\/\/tovar.eus\/#website"},"datePublished":"2020-04-08T13:04:27+00:00","dateModified":"2023-09-01T06:34:53+00:00","breadcrumb":{"@id":"https:\/\/tovar.eus\/es\/agua#breadcrumb"},"inLanguage":"es","potentialAction":[{"@type":"ReadAction","target":["https:\/\/tovar.eus\/es\/agua"]}]},{"@type":"BreadcrumbList","@id":"https:\/\/tovar.eus\/es\/agua#breadcrumb","itemListElement":[{"@type":"ListItem","position":1,"name":"Portada","item":"https:\/\/tovar.eus\/es"},{"@type":"ListItem","position":2,"name":"Agua"}]},{"@type":"WebSite","@id":"https:\/\/tovar.eus\/#website","url":"https:\/\/tovar.eus\/","name":"Tovar","description":"ura &amp; beroa","publisher":{"@id":"https:\/\/tovar.eus\/#organization"},"potentialAction":[{"@type":"SearchAction","target":{"@type":"EntryPoint","urlTemplate":"https:\/\/tovar.eus\/?s={search_term_string}"},"query-input":{"@type":"PropertyValueSpecification","valueRequired":true,"valueName":"search_term_string"}}],"inLanguage":"es"},{"@type":"Organization","@id":"https:\/\/tovar.eus\/#organization","name":"Tovar - ura eta beroa","url":"https:\/\/tovar.eus\/","logo":{"@type":"ImageObject","inLanguage":"es","@id":"https:\/\/tovar.eus\/#\/schema\/logo\/image\/","url":"https:\/\/tovar.eus\/wp-content\/uploads\/2020\/03\/tovar-logo.png","contentUrl":"https:\/\/tovar.eus\/wp-content\/uploads\/2020\/03\/tovar-logo.png","width":200,"height":100,"caption":"Tovar - ura eta beroa"},"image":{"@id":"https:\/\/tovar.eus\/#\/schema\/logo\/image\/"}}]}},"_links":{"self":[{"href":"https:\/\/tovar.eus\/es\/wp-json\/wp\/v2\/pages\/1284","targetHints":{"allow":["GET"]}}],"collection":[{"href":"https:\/\/tovar.eus\/es\/wp-json\/wp\/v2\/pages"}],"about":[{"href":"https:\/\/tovar.eus\/es\/wp-json\/wp\/v2\/types\/page"}],"author":[{"embeddable":true,"href":"https:\/\/tovar.eus\/es\/wp-json\/wp\/v2\/users\/1"}],"replies":[{"embeddable":true,"href":"https:\/\/tovar.eus\/es\/wp-json\/wp\/v2\/comments?post=1284"}],"version-history":[{"count":82,"href":"https:\/\/tovar.eus\/es\/wp-json\/wp\/v2\/pages\/1284\/revisions"}],"predecessor-version":[{"id":2276,"href":"https:\/\/tovar.eus\/es\/wp-json\/wp\/v2\/pages\/1284\/revisions\/2276"}],"wp:attachment":[{"href":"https:\/\/tovar.eus\/es\/wp-json\/wp\/v2\/media?parent=1284"}],"curies":[{"name":"wp","href":"https:\/\/api.w.org\/{rel}","templated":true}]}}