{"id":2116,"date":"2020-06-24T12:10:19","date_gmt":"2020-06-24T12:10:19","guid":{"rendered":"https:\/\/tovar.eus\/?page_id=2116"},"modified":"2023-06-07T07:36:59","modified_gmt":"2023-06-07T07:36:59","slug":"politica-de-privacidad","status":"publish","type":"page","link":"https:\/\/tovar.eus\/es\/politica-de-privacidad","title":{"rendered":"Pol\u00edtica de privacidad"},"content":{"rendered":"<div class=\"wpb-content-wrapper\"><p>[vc_row][vc_column][vc_empty_space height=\u00bb1px\u00bb el_class=\u00bbmargen_cincuenta\u00bb][\/vc_column][\/vc_row][vc_row][vc_column]<link href=\"https:\/\/fonts.googleapis.com\/css?family=Open+Sans:400\" rel=\"stylesheet\" property=\"stylesheet\" type=\"text\/css\" media=\"all\">\n<div id=\"rev_slider_13_1_wrapper\" class=\"rev_slider_wrapper fullwidthbanner-container\" data-source=\"gallery\" style=\"margin:0px auto;background:transparent;padding:0px;margin-top:0px;margin-bottom:0px;\">\n<!-- START REVOLUTION SLIDER 5.4.7.1 auto mode -->\n\t<div id=\"rev_slider_13_1\" class=\"rev_slider fullwidthabanner\" style=\"display:none;\" data-version=\"5.4.7.1\">\n<ul>\t<!-- SLIDE  -->\n\t<li data-index=\"rs-15\" data-transition=\"fade\" data-slotamount=\"default\" data-hideafterloop=\"0\" data-hideslideonmobile=\"off\"  data-easein=\"default\" data-easeout=\"default\" data-masterspeed=\"300\"  data-rotate=\"0\"  data-saveperformance=\"off\"  data-title=\"Slide\" data-param1=\"\" data-param2=\"\" data-param3=\"\" data-param4=\"\" data-param5=\"\" data-param6=\"\" data-param7=\"\" data-param8=\"\" data-param9=\"\" data-param10=\"\" data-description=\"\">\n\t\t<!-- MAIN IMAGE -->\n\t\t<img loading=\"lazy\" decoding=\"async\" src=\"https:\/\/tovar.eus\/wp-content\/plugins\/revslider\/admin\/assets\/images\/transparent.png\" data-bgcolor='#e7e7e7' style='background:#e7e7e7' alt=\"\" title=\"tovar-cabecera-calor-israp\"  width=\"2560\" height=\"932\" data-bgposition=\"center center\" data-bgfit=\"cover\" data-bgrepeat=\"no-repeat\" class=\"rev-slidebg\" data-no-retina>\n\t\t<!-- LAYERS -->\n\n\t\t<!-- LAYER NR. 1 -->\n\t\t<div class=\"tp-caption  \" \n\t\t\t id=\"slide-15-layer-1\" \n\t\t\t data-x=\"center\" data-hoffset=\"0\" \n\t\t\t data-y=\"center\" data-voffset=\"0\" \n\t\t\t\t\t\tdata-width=\"['auto']\"\n\t\t\tdata-height=\"['auto']\"\n \n\t\t\tdata-type=\"text\" \n\t\t\tdata-responsive_offset=\"on\" \n\t\t\tdata-responsive=\"off\"\n\t\t\tdata-frames='[{\"delay\":10,\"speed\":300,\"frame\":\"0\",\"from\":\"opacity:0;\",\"to\":\"o:1;\",\"ease\":\"Power3.easeInOut\"},{\"delay\":\"wait\",\"speed\":300,\"frame\":\"999\",\"to\":\"opacity:0;\",\"ease\":\"Power3.easeInOut\"}]'\n\t\t\tdata-textAlign=\"['center','center','center','center']\"\n\t\t\tdata-paddingtop=\"[0,0,0,0]\"\n\t\t\tdata-paddingright=\"[0,0,0,0]\"\n\t\t\tdata-paddingbottom=\"[0,0,0,0]\"\n\t\t\tdata-paddingleft=\"[0,0,0,0]\"\n\n\t\t\tstyle=\"z-index: 5; white-space: nowrap; font-size: 20px; line-height: 22px; font-weight: 400; color: #ffffff; letter-spacing: 0px;font-family:Open Sans;\"><h1 style=\"color:#666;\">POL\u00cdTICA DE PRIVACIDAD<\/h1> <\/div>\n\t<\/li>\n<\/ul>\n<div class=\"tp-bannertimer tp-bottom\" style=\"visibility: hidden !important;\"><\/div>\t<\/div>\n<script>var htmlDiv = document.getElementById(\"rs-plugin-settings-inline-css\"); var htmlDivCss=\"\";\r\n\t\t\t\tif(htmlDiv) {\r\n\t\t\t\t\thtmlDiv.innerHTML = htmlDiv.innerHTML + htmlDivCss;\r\n\t\t\t\t}else{\r\n\t\t\t\t\tvar htmlDiv = document.createElement(\"div\");\r\n\t\t\t\t\thtmlDiv.innerHTML = \"<style>\" + htmlDivCss + \"<\/style>\";\r\n\t\t\t\t\tdocument.getElementsByTagName(\"head\")[0].appendChild(htmlDiv.childNodes[0]);\r\n\t\t\t\t}\r\n\t\t\t<\/script>\n\t\t<script type=\"text\/javascript\">\r\nif (setREVStartSize!==undefined) setREVStartSize(\r\n\t{c: '#rev_slider_13_1', gridwidth: [2560], gridheight: [400], sliderLayout: 'auto'});\r\n\t\t\t\r\nvar revapi13,\r\n\ttpj;\t\r\n(function() {\t\t\t\r\n\tif (!\/loaded|interactive|complete\/.test(document.readyState)) document.addEventListener(\"DOMContentLoaded\",onLoad)\r\n\t\telse\r\n\tonLoad();\r\n\t\r\n\tfunction onLoad() {\t\t\t\t\r\n\t\tif (tpj===undefined) {\r\n\t\t\ttpj = jQuery;\r\n\r\n\t\t\tif(\"off\" == \"on\") tpj.noConflict();\t\t\r\n\t\t}\r\n\tif(tpj(\"#rev_slider_13_1\").revolution == undefined){\n\t\trevslider_showDoubleJqueryError(\"#rev_slider_13_1\");\n\t}else{\n\t\trevapi13 = tpj(\"#rev_slider_13_1\").show().revolution({\n\t\t\tsliderType:\"standard\",\n\t\t\tjsFileLocation:\"\/\/tovar.eus\/wp-content\/plugins\/revslider\/public\/assets\/js\/\",\n\t\t\tsliderLayout:\"auto\",\n\t\t\tdottedOverlay:\"none\",\n\t\t\tdelay:9000,\n\t\t\tnavigation: {\n\t\t\t\tonHoverStop:\"off\",\n\t\t\t},\n\t\t\tvisibilityLevels:[1240,1024,778,480],\n\t\t\tgridwidth:2560,\n\t\t\tgridheight:400,\n\t\t\tlazyType:\"none\",\n\t\t\tshadow:0,\n\t\t\tspinner:\"spinner0\",\n\t\t\tstopLoop:\"off\",\n\t\t\tstopAfterLoops:-1,\n\t\t\tstopAtSlide:-1,\n\t\t\tshuffle:\"off\",\n\t\t\tautoHeight:\"off\",\n\t\t\tdisableProgressBar:\"on\",\n\t\t\thideThumbsOnMobile:\"off\",\n\t\t\thideSliderAtLimit:0,\n\t\t\thideCaptionAtLimit:0,\n\t\t\thideAllCaptionAtLilmit:0,\n\t\t\tdebugMode:false,\n\t\t\tfallbacks: {\n\t\t\t\tsimplifyAll:\"off\",\n\t\t\t\tnextSlideOnWindowFocus:\"off\",\n\t\t\t\tdisableFocusListener:false,\n\t\t\t}\n\t\t});\n\t}; \/* END OF revapi call *\/\n\t\n }; \/* END OF ON LOAD FUNCTION *\/\r\n}()); \/* END OF WRAPPING FUNCTION *\/\r\n<\/script>\r\n\t\t<\/div><!-- END REVOLUTION SLIDER -->[\/vc_column][\/vc_row][vc_row el_class=\u00bbinbox_banner\u00bb][vc_column][vc_empty_space height=\u00bb1px\u00bb el_class=\u00bbmargen_cientoveinte\u00bb][vc_column_text]<a href=\"https:\/\/tovar.eus\">www.tovar.eus<\/a> para proteger los derechos individuales, sobre todo en relaci\u00f3n con los tratamientos automatizados y con voluntad de ser transparentes con el Usuario, ha establecido una pol\u00edtica que recoge el conjunto de dichos tratamientos, los fines perseguidos por estos \u00faltimos, la legitimidad de los mismos y tambi\u00e9n los instrumentos a disposici\u00f3n del Usuario para que pueda ejercer sus derechos.<\/p>\n<p>&nbsp;<\/p>\n<p>La navegaci\u00f3n en este sitio web implica la total aceptaci\u00f3n de las siguientes disposiciones y condiciones de utilizaci\u00f3n. Se aceptar\u00e1 la utilizaci\u00f3n de cookies. En caso de no estar de acuerdo env\u00eda un correo electr\u00f3nico a <a href=\"mailto:info@tovar.eus\">info@tovar.eus<\/a>.<\/p>\n<p>&nbsp;<\/p>\n<p>La versi\u00f3n actualizada de esta pol\u00edtica de privacidad es la \u00fanica aplicable durante la duraci\u00f3n del uso del sitio web hasta que no haya otra versi\u00f3n que la sustituya.<\/p>\n<p>&nbsp;<\/p>\n<p>Para m\u00e1s informaci\u00f3n complementaria sobre la protecci\u00f3n de datos personales te invitamos a consultar la <a href=\"https:\/\/www.agpd.es\/portalwebAGPD\/index-ides-idphph.php\" target=\"_blank\" rel=\"noopener noreferrer\">p\u00e1gina web de la AEPD<\/a> (Agencia Espa\u00f1ola de Protecci\u00f3n de Datos)<\/p>\n<p>&nbsp;<\/p>\n<h2><b>RECOGIDA DE DATOS<\/b><\/h2>\n<p>Tus datos son recogidos por el TITULAR.<\/p>\n<p>&nbsp;<\/p>\n<p>Un dato de car\u00e1cter personal se refiere a toda la informaci\u00f3n referida a una persona f\u00edsica identificada o identificable (persona afectada). Se entiende como identificable una persona que pueda ser identificada, directa o indirectamente, sobre todo por referencia a un nombre, un n\u00famero de identificaci\u00f3n (DNI, NIF, NIE, pasaporte) o a uno o varios elementos espec\u00edficos, propios a su identidad f\u00edsica, fisiol\u00f3gica, gen\u00e9tica, ps\u00edquica, econ\u00f3mica, cultural o social.<\/p>\n<p>&nbsp;<\/p>\n<p>Los datos que con car\u00e1cter general ser\u00e1n recopilados son: Nombre y apellido, direcci\u00f3n, correo electr\u00f3nico, n\u00famero de tel\u00e9fono, fecha de nacimiento, datos relacionados con medios de pago. Se podr\u00e1n recopilar otro tipo de datos siendo informado el Usuario.<\/p>\n<p>&nbsp;<\/p>\n<h2><b>\u00bfCON QU\u00c9 FINALIDAD SE TRATAN TUS DATOS PERSONALES?<\/b><\/h2>\n<p>La finalidad del tratamiento de los datos personales que se puedan recoger son usarlos principalmente por el TITULAR para la gesti\u00f3n de su relaci\u00f3n contigo, poder ofrecerte productos y servicios de acuerdo con tus intereses, mejorar tu experiencia de usuario y en su caso, para el tratamiento de sus solicitudes, peticiones o pedidos. Se elaborar\u00e1 un perfil comercial en base a la informaci\u00f3n que facilites. No se realizar\u00e1n decisiones automatizadas en base a dicho perfil.<\/p>\n<p>&nbsp;<\/p>\n<p>Los datos proporcionados se conservar\u00e1n mientras se mantenga la relaci\u00f3n comercial, siempre que no se solicite por el interesado su supresi\u00f3n. o durante los a\u00f1os necesarios para cumplir las obligaciones legales.<\/p>\n<p>&nbsp;<\/p>\n<p>Se registrar\u00e1n en el fichero de cliente y su tratamiento quedar\u00e1 registrado en el registro de tratamientos que debe llevar el TITULAR (antes del 25 de mayo de 2018 tambi\u00e9n podr\u00eda estar incluido en el fichero elaborado con los datos personales registrado en la AEPD (Agencia Espa\u00f1ola de Protecci\u00f3n de datos) u \u00f3rgano competente de la respectiva Comunidad Aut\u00f3noma).<\/p>\n<p>&nbsp;<\/p>\n<h2><b>\u00bfCU\u00c1L ES LA LEGITIMACI\u00d3N PARA EL TRATAMIENTO DE TUS DATOS?<\/b><\/h2>\n<p>La base legal para el tratamiento de tus datos personales es:<\/p>\n<p>&nbsp;<\/p>\n<ul>\n<li>La correcta ejecuci\u00f3n o cumplimiento del contrato.<\/li>\n<li>El inter\u00e9s leg\u00edtimo del TITULAR.<\/li>\n<li>El consentimiento del usuario o cliente para el tratamiento de sus datos.<\/li>\n<\/ul>\n<p>&nbsp;<\/p>\n<h2><b>\u00bfA QU\u00c9 DESTINATARIOS SE COMUNICAR\u00c1N LOS DATOS?<\/b><\/h2>\n<p>Los datos personales del Usuario podr\u00e1n eventualmente ser comunicados a terceros relacionados con el TITULAR por contrato para la realizaci\u00f3n de las tareas necesarias para la gesti\u00f3n de su cuenta como cliente y sin que tenga que dar su autorizaci\u00f3n.<\/p>\n<p>&nbsp;<\/p>\n<p>Tambi\u00e9n cuando tuvieran que hacerse comunicaciones a las autoridades en caso de que el Usuario hubiera realizado acciones contrarias a la Ley o incumplido el contenido del aviso legal.<\/p>\n<p>&nbsp;<\/p>\n<p>Los datos del Usuario podr\u00e1n comunicarse a otras empresas del grupo, si las hubiese, para fines administrativos internos que podr\u00edan suponer un tratamiento de esos datos.<\/p>\n<p>&nbsp;<\/p>\n<p>Los datos personales del Usuario podr\u00e1n transferirse a un tercer pa\u00eds o a una organizaci\u00f3n internacional, pero se le deber\u00e1 informar cuando se vaya a producir esa transferencia, y de las condiciones de la misma y del destinatario.<\/p>\n<p>&nbsp;<\/p>\n<p>Cuando algunos datos sean obligatorios para acceder a funcionalidad concretas del sitio web, el TITULAR indicar\u00e1 dicho car\u00e1cter obligatorio en el momento de la recogida de datos del Usuario.<\/p>\n<p>&nbsp;<\/p>\n<h2><b>COOKIES<\/b><\/h2>\n<p>Al navegar por este sitio, las cookies del TITULAR del sitio en cuesti\u00f3n y\/o de las compa\u00f1\u00edas de terceros, pueden depositarse en su ordenador, tablet o tel\u00e9fono m\u00f3vil Durante la primera navegaci\u00f3n, aparecer\u00e1 un banner explicativo sobre el uso de cookies.<span class=\"Apple-converted-space\">\u00a0<\/span><\/p>\n<p>&nbsp;<\/p>\n<p>Por lo tanto, al continuar la navegaci\u00f3n, el Usuario ser\u00e1 considerado como informado y har\u00e1 aceptado el uso de dichas \u201ccookies\u201d. El consentimiento otorgado ser\u00e1 v\u00e1lido por un periodo de trece meses.<\/p>\n<p>&nbsp;<\/p>\n<p>Para una mayor informaci\u00f3n consulte nuestra <a href=\"https:\/\/tovar.eus\/politica-de-cookies\">pol\u00edtica de cookies<\/a>.<\/p>\n<p>&nbsp;<\/p>\n<h2><b>DERECHOS DEL USUARIO<\/b><\/h2>\n<p>Se informa al usuario de la posibilidad de ejercer sus derechos de acceso, rectificaci\u00f3n, cancelaci\u00f3n y oposici\u00f3n. Tambi\u00e9n cada persona dispone del derecho de limitaci\u00f3n del tratamiento relativo a su persona, de un derecho de eliminaci\u00f3n de transferencia de datos personales transmitidos al responsable del tratamiento y del derecho a la portabilidad de sus datos.<\/p>\n<p>&nbsp;<\/p>\n<p>El usuario tiene la posibilidad de presentar una reclamaci\u00f3n ante la AEPD (Agencia Espa\u00f1ola de Protecci\u00f3n de Datos) u organismo competente de la respectiva Comunidad Aut\u00f3noma, cuando no haya obtenido una soluci\u00f3n satisfactoria en el ejercicio de sus derechos mediante un escrito dirigido a la misma.<\/p>\n<p>&nbsp;<\/p>\n<p>Salvo que el Usuario se oponga, enviando un email a la direcci\u00f3n de correo electr\u00f3nico info@tovar.eus, sus datos podr\u00e1n ser utilizados, en su caso, si procede, para el env\u00edo de informaci\u00f3n comercial de TOVAR.<\/p>\n<p>&nbsp;<\/p>\n<p>Los datos proporcionados se conservar\u00e1n mientras se mantenga la relaci\u00f3n comercial o durante los a\u00f1os necesarios para cumplir las obligaciones legales.<\/p>\n<p>&nbsp;<\/p>\n<p>El Usuario es responsable de que la informaci\u00f3n que proporciones a trav\u00e9s de esta p\u00e1gina web sea cierta, respondiendo de la exactitud de todos los datos que comunique y mantendr\u00e1 actualizada la misma para que reflejen una situaci\u00f3n real, siendo responsable de informaciones falsas o inexactas que proporcione y de los da\u00f1os, molestias y problemas que pudieran causar a TOVAR o a terceros.<\/p>\n<p>&nbsp;<\/p>\n<p>Esa informaci\u00f3n ser\u00e1 guarda y gestionada con da debida confidencialidad, aplicando las medidas de seguridad inform\u00e1tica necesarias para impedir el acceso o uso indebido de sus datos, su manipulaci\u00f3n, deterioro o p\u00e9rdida.<\/p>\n<p>&nbsp;<\/p>\n<p>No obstante, el Usuario debe tener en cuenta que la seguridad de los sistemas inform\u00e1ticos nunca es absoluta. Cuando se facilitan datos personales por internet, dicha informaci\u00f3n pudiera ser recogida sin su consentimiento y tratada por terceros no autorizados.<\/p>\n<p>&nbsp;<\/p>\n<p>TOVAR declina, cualquier tipo de responsabilidad sobre las consecuencias de esos actos puedan tener para el Usuario, si public\u00f3 la informaci\u00f3n voluntariamente.<\/p>\n<p>&nbsp;<\/p>\n<p>Podr\u00e1 acceder y ejercitar esos derechos mediante solicitud por escrito y firmada que podr\u00e1 ser enviada al domicilio San Frantzisko Ibiltokia 30, 20400 Tolosa, Gipuzkoa, adjuntando fotocopia del DNI o documento equivalente.<\/p>\n<p>&nbsp;<\/p>\n<p>Tambi\u00e9n podr\u00e1 ser enviada la solicitud al siguiente correo electr\u00f3nico: <a href=\"mailto:info@tovar.eus\">info@tovar.eus<\/a><\/p>\n<p>&nbsp;<\/p>\n<p>Estos derechos ser\u00e1n atendidos, en el plazo de 1 mes, que podr\u00e1 ampliarse a 2 meses si la complejidad de la solicitud o el n\u00famero de solicitudes recibidas as\u00ed lo exige. Todo ello sin perjuicio del deber de conservar ciertos datos en los t\u00e9rminos legales y hasta que prescriban las posibles responsabilidades derivadas de un posible tratamiento, o, en su caso, de una relaci\u00f3n contractual.<\/p>\n<p>&nbsp;<\/p>\n<p>Adem\u00e1s de lo anterior, y en relaci\u00f3n con la normativa de protecci\u00f3n de datos, los usuarios que lo soliciten, tienen la posibilidad de organizar el destino de sus datos despu\u00e9s de su fallecimiento.<span class=\"Apple-converted-space\">\u00a0<\/span>[\/vc_column_text][\/vc_column][\/vc_row][vc_row][vc_column][vc_empty_space height=\u00bb1px\u00bb el_class=\u00bbmargen_cien\u00bb][\/vc_column][\/vc_row]<\/p>\n<\/div>","protected":false},"excerpt":{"rendered":"<p>[vc_row][vc_column][vc_empty_space height=\u00bb1px\u00bb el_class=\u00bbmargen_cincuenta\u00bb][\/vc_column][\/vc_row][vc_row][vc_column][\/vc_column][\/vc_row][vc_row el_class=\u00bbinbox_banner\u00bb][vc_column][vc_empty_space height=\u00bb1px\u00bb el_class=\u00bbmargen_cientoveinte\u00bb][vc_column_text]www.tovar.eus para proteger los derechos individuales, sobre todo en relaci\u00f3n con los tratamientos automatizados y con voluntad de ser transparentes con el Usuario, ha establecido una pol\u00edtica que recoge el conjunto de dichos tratamientos, los fines perseguidos por estos \u00faltimos, la legitimidad de los mismos y tambi\u00e9n los instrumentos a &hellip;<\/p>\n","protected":false},"author":1,"featured_media":0,"parent":0,"menu_order":0,"comment_status":"closed","ping_status":"closed","template":"","meta":{"footnotes":""},"class_list":["post-2116","page","type-page","status-publish","hentry"],"yoast_head":"<!-- This site is optimized with the Yoast SEO plugin v27.3 - https:\/\/yoast.com\/product\/yoast-seo-wordpress\/ -->\n<title>Pol\u00edtica de privacidad | Tovar<\/title>\n<meta name=\"robots\" content=\"index, follow, max-snippet:-1, max-image-preview:large, max-video-preview:-1\" \/>\n<link rel=\"canonical\" href=\"https:\/\/tovar.eus\/es\/politica-de-privacidad\" \/>\n<meta property=\"og:locale\" content=\"es_ES\" \/>\n<meta property=\"og:type\" content=\"article\" \/>\n<meta property=\"og:title\" content=\"Pol\u00edtica de privacidad | Tovar\" \/>\n<meta property=\"og:description\" content=\"[vc_row][vc_column][vc_empty_space height=\u00bb1px\u00bb el_class=\u00bbmargen_cincuenta\u00bb][\/vc_column][\/vc_row][vc_row][vc_column][\/vc_column][\/vc_row][vc_row el_class=\u00bbinbox_banner\u00bb][vc_column][vc_empty_space height=\u00bb1px\u00bb el_class=\u00bbmargen_cientoveinte\u00bb][vc_column_text]www.tovar.eus para proteger los derechos individuales, sobre todo en relaci\u00f3n con los tratamientos automatizados y con voluntad de ser transparentes con el Usuario, ha establecido una pol\u00edtica que recoge el conjunto de dichos tratamientos, los fines perseguidos por estos \u00faltimos, la legitimidad de los mismos y tambi\u00e9n los instrumentos a &hellip;\" \/>\n<meta property=\"og:url\" content=\"https:\/\/tovar.eus\/es\/politica-de-privacidad\" \/>\n<meta property=\"og:site_name\" content=\"Tovar\" \/>\n<meta property=\"article:modified_time\" content=\"2023-06-07T07:36:59+00:00\" \/>\n<meta name=\"twitter:card\" content=\"summary_large_image\" \/>\n<meta name=\"twitter:label1\" content=\"Tiempo de lectura\" \/>\n\t<meta name=\"twitter:data1\" content=\"7 minutos\" \/>\n<script type=\"application\/ld+json\" class=\"yoast-schema-graph\">{\"@context\":\"https:\\\/\\\/schema.org\",\"@graph\":[{\"@type\":\"WebPage\",\"@id\":\"https:\\\/\\\/tovar.eus\\\/es\\\/politica-de-privacidad\",\"url\":\"https:\\\/\\\/tovar.eus\\\/es\\\/politica-de-privacidad\",\"name\":\"Pol\u00edtica de privacidad | Tovar\",\"isPartOf\":{\"@id\":\"https:\\\/\\\/tovar.eus\\\/#website\"},\"datePublished\":\"2020-06-24T12:10:19+00:00\",\"dateModified\":\"2023-06-07T07:36:59+00:00\",\"breadcrumb\":{\"@id\":\"https:\\\/\\\/tovar.eus\\\/es\\\/politica-de-privacidad#breadcrumb\"},\"inLanguage\":\"es\",\"potentialAction\":[{\"@type\":\"ReadAction\",\"target\":[\"https:\\\/\\\/tovar.eus\\\/es\\\/politica-de-privacidad\"]}]},{\"@type\":\"BreadcrumbList\",\"@id\":\"https:\\\/\\\/tovar.eus\\\/es\\\/politica-de-privacidad#breadcrumb\",\"itemListElement\":[{\"@type\":\"ListItem\",\"position\":1,\"name\":\"Portada\",\"item\":\"https:\\\/\\\/tovar.eus\\\/es\"},{\"@type\":\"ListItem\",\"position\":2,\"name\":\"Pol\u00edtica de privacidad\"}]},{\"@type\":\"WebSite\",\"@id\":\"https:\\\/\\\/tovar.eus\\\/#website\",\"url\":\"https:\\\/\\\/tovar.eus\\\/\",\"name\":\"Tovar\",\"description\":\"ura &amp; beroa\",\"publisher\":{\"@id\":\"https:\\\/\\\/tovar.eus\\\/#organization\"},\"potentialAction\":[{\"@type\":\"SearchAction\",\"target\":{\"@type\":\"EntryPoint\",\"urlTemplate\":\"https:\\\/\\\/tovar.eus\\\/?s={search_term_string}\"},\"query-input\":{\"@type\":\"PropertyValueSpecification\",\"valueRequired\":true,\"valueName\":\"search_term_string\"}}],\"inLanguage\":\"es\"},{\"@type\":\"Organization\",\"@id\":\"https:\\\/\\\/tovar.eus\\\/#organization\",\"name\":\"Tovar - ura eta beroa\",\"url\":\"https:\\\/\\\/tovar.eus\\\/\",\"logo\":{\"@type\":\"ImageObject\",\"inLanguage\":\"es\",\"@id\":\"https:\\\/\\\/tovar.eus\\\/#\\\/schema\\\/logo\\\/image\\\/\",\"url\":\"https:\\\/\\\/tovar.eus\\\/wp-content\\\/uploads\\\/2020\\\/03\\\/tovar-logo.png\",\"contentUrl\":\"https:\\\/\\\/tovar.eus\\\/wp-content\\\/uploads\\\/2020\\\/03\\\/tovar-logo.png\",\"width\":200,\"height\":100,\"caption\":\"Tovar - ura eta beroa\"},\"image\":{\"@id\":\"https:\\\/\\\/tovar.eus\\\/#\\\/schema\\\/logo\\\/image\\\/\"}}]}<\/script>\n<!-- \/ Yoast SEO plugin. -->","yoast_head_json":{"title":"Pol\u00edtica de privacidad | Tovar","robots":{"index":"index","follow":"follow","max-snippet":"max-snippet:-1","max-image-preview":"max-image-preview:large","max-video-preview":"max-video-preview:-1"},"canonical":"https:\/\/tovar.eus\/es\/politica-de-privacidad","og_locale":"es_ES","og_type":"article","og_title":"Pol\u00edtica de privacidad | Tovar","og_description":"[vc_row][vc_column][vc_empty_space height=\u00bb1px\u00bb el_class=\u00bbmargen_cincuenta\u00bb][\/vc_column][\/vc_row][vc_row][vc_column][\/vc_column][\/vc_row][vc_row el_class=\u00bbinbox_banner\u00bb][vc_column][vc_empty_space height=\u00bb1px\u00bb el_class=\u00bbmargen_cientoveinte\u00bb][vc_column_text]www.tovar.eus para proteger los derechos individuales, sobre todo en relaci\u00f3n con los tratamientos automatizados y con voluntad de ser transparentes con el Usuario, ha establecido una pol\u00edtica que recoge el conjunto de dichos tratamientos, los fines perseguidos por estos \u00faltimos, la legitimidad de los mismos y tambi\u00e9n los instrumentos a &hellip;","og_url":"https:\/\/tovar.eus\/es\/politica-de-privacidad","og_site_name":"Tovar","article_modified_time":"2023-06-07T07:36:59+00:00","twitter_card":"summary_large_image","twitter_misc":{"Tiempo de lectura":"7 minutos"},"schema":{"@context":"https:\/\/schema.org","@graph":[{"@type":"WebPage","@id":"https:\/\/tovar.eus\/es\/politica-de-privacidad","url":"https:\/\/tovar.eus\/es\/politica-de-privacidad","name":"Pol\u00edtica de privacidad | Tovar","isPartOf":{"@id":"https:\/\/tovar.eus\/#website"},"datePublished":"2020-06-24T12:10:19+00:00","dateModified":"2023-06-07T07:36:59+00:00","breadcrumb":{"@id":"https:\/\/tovar.eus\/es\/politica-de-privacidad#breadcrumb"},"inLanguage":"es","potentialAction":[{"@type":"ReadAction","target":["https:\/\/tovar.eus\/es\/politica-de-privacidad"]}]},{"@type":"BreadcrumbList","@id":"https:\/\/tovar.eus\/es\/politica-de-privacidad#breadcrumb","itemListElement":[{"@type":"ListItem","position":1,"name":"Portada","item":"https:\/\/tovar.eus\/es"},{"@type":"ListItem","position":2,"name":"Pol\u00edtica de privacidad"}]},{"@type":"WebSite","@id":"https:\/\/tovar.eus\/#website","url":"https:\/\/tovar.eus\/","name":"Tovar","description":"ura &amp; beroa","publisher":{"@id":"https:\/\/tovar.eus\/#organization"},"potentialAction":[{"@type":"SearchAction","target":{"@type":"EntryPoint","urlTemplate":"https:\/\/tovar.eus\/?s={search_term_string}"},"query-input":{"@type":"PropertyValueSpecification","valueRequired":true,"valueName":"search_term_string"}}],"inLanguage":"es"},{"@type":"Organization","@id":"https:\/\/tovar.eus\/#organization","name":"Tovar - ura eta beroa","url":"https:\/\/tovar.eus\/","logo":{"@type":"ImageObject","inLanguage":"es","@id":"https:\/\/tovar.eus\/#\/schema\/logo\/image\/","url":"https:\/\/tovar.eus\/wp-content\/uploads\/2020\/03\/tovar-logo.png","contentUrl":"https:\/\/tovar.eus\/wp-content\/uploads\/2020\/03\/tovar-logo.png","width":200,"height":100,"caption":"Tovar - ura eta beroa"},"image":{"@id":"https:\/\/tovar.eus\/#\/schema\/logo\/image\/"}}]}},"_links":{"self":[{"href":"https:\/\/tovar.eus\/es\/wp-json\/wp\/v2\/pages\/2116","targetHints":{"allow":["GET"]}}],"collection":[{"href":"https:\/\/tovar.eus\/es\/wp-json\/wp\/v2\/pages"}],"about":[{"href":"https:\/\/tovar.eus\/es\/wp-json\/wp\/v2\/types\/page"}],"author":[{"embeddable":true,"href":"https:\/\/tovar.eus\/es\/wp-json\/wp\/v2\/users\/1"}],"replies":[{"embeddable":true,"href":"https:\/\/tovar.eus\/es\/wp-json\/wp\/v2\/comments?post=2116"}],"version-history":[{"count":3,"href":"https:\/\/tovar.eus\/es\/wp-json\/wp\/v2\/pages\/2116\/revisions"}],"predecessor-version":[{"id":2120,"href":"https:\/\/tovar.eus\/es\/wp-json\/wp\/v2\/pages\/2116\/revisions\/2120"}],"wp:attachment":[{"href":"https:\/\/tovar.eus\/es\/wp-json\/wp\/v2\/media?parent=2116"}],"curies":[{"name":"wp","href":"https:\/\/api.w.org\/{rel}","templated":true}]}}