{"id":2121,"date":"2020-06-24T12:17:33","date_gmt":"2020-06-24T12:17:33","guid":{"rendered":"https:\/\/tovar.eus\/?page_id=2121"},"modified":"2023-06-07T07:36:58","modified_gmt":"2023-06-07T07:36:58","slug":"aviso-legal","status":"publish","type":"page","link":"https:\/\/tovar.eus\/es\/aviso-legal","title":{"rendered":"Aviso Legal"},"content":{"rendered":"<div class=\"wpb-content-wrapper\"><p>[vc_row][vc_column][vc_empty_space height=\u00bb1px\u00bb el_class=\u00bbmargen_cincuenta\u00bb][\/vc_column][\/vc_row][vc_row][vc_column]<link href=\"https:\/\/fonts.googleapis.com\/css?family=Open+Sans:400\" rel=\"stylesheet\" property=\"stylesheet\" type=\"text\/css\" media=\"all\">\n<div id=\"rev_slider_14_1_wrapper\" class=\"rev_slider_wrapper fullwidthbanner-container\" data-source=\"gallery\" style=\"margin:0px auto;background:transparent;padding:0px;margin-top:0px;margin-bottom:0px;\">\n<!-- START REVOLUTION SLIDER 5.4.7.1 auto mode -->\n\t<div id=\"rev_slider_14_1\" class=\"rev_slider fullwidthabanner\" style=\"display:none;\" data-version=\"5.4.7.1\">\n<ul>\t<!-- SLIDE  -->\n\t<li data-index=\"rs-16\" data-transition=\"fade\" data-slotamount=\"default\" data-hideafterloop=\"0\" data-hideslideonmobile=\"off\"  data-easein=\"default\" data-easeout=\"default\" data-masterspeed=\"300\"  data-rotate=\"0\"  data-saveperformance=\"off\"  data-title=\"Slide\" data-param1=\"\" data-param2=\"\" data-param3=\"\" data-param4=\"\" data-param5=\"\" data-param6=\"\" data-param7=\"\" data-param8=\"\" data-param9=\"\" data-param10=\"\" data-description=\"\">\n\t\t<!-- MAIN IMAGE -->\n\t\t<img loading=\"lazy\" decoding=\"async\" src=\"https:\/\/tovar.eus\/wp-content\/plugins\/revslider\/admin\/assets\/images\/transparent.png\" data-bgcolor='#e7e7e7' style='background:#e7e7e7' alt=\"\" title=\"tovar-cabecera-calor-israp\"  width=\"2560\" height=\"932\" data-bgposition=\"center center\" data-bgfit=\"cover\" data-bgrepeat=\"no-repeat\" class=\"rev-slidebg\" data-no-retina>\n\t\t<!-- LAYERS -->\n\n\t\t<!-- LAYER NR. 1 -->\n\t\t<div class=\"tp-caption  \" \n\t\t\t id=\"slide-16-layer-1\" \n\t\t\t data-x=\"center\" data-hoffset=\"0\" \n\t\t\t data-y=\"center\" data-voffset=\"0\" \n\t\t\t\t\t\tdata-width=\"['auto']\"\n\t\t\tdata-height=\"['auto']\"\n \n\t\t\tdata-type=\"text\" \n\t\t\tdata-responsive_offset=\"on\" \n\t\t\tdata-responsive=\"off\"\n\t\t\tdata-frames='[{\"delay\":10,\"speed\":300,\"frame\":\"0\",\"from\":\"opacity:0;\",\"to\":\"o:1;\",\"ease\":\"Power3.easeInOut\"},{\"delay\":\"wait\",\"speed\":300,\"frame\":\"999\",\"to\":\"opacity:0;\",\"ease\":\"Power3.easeInOut\"}]'\n\t\t\tdata-textAlign=\"['center','center','center','center']\"\n\t\t\tdata-paddingtop=\"[0,0,0,0]\"\n\t\t\tdata-paddingright=\"[0,0,0,0]\"\n\t\t\tdata-paddingbottom=\"[0,0,0,0]\"\n\t\t\tdata-paddingleft=\"[0,0,0,0]\"\n\n\t\t\tstyle=\"z-index: 5; white-space: nowrap; font-size: 20px; line-height: 22px; font-weight: 400; color: #ffffff; letter-spacing: 0px;font-family:Open Sans;\"><h1 style=\"color:#666;\">AVISO LEGAL<\/h1> <\/div>\n\t<\/li>\n<\/ul>\n<div class=\"tp-bannertimer tp-bottom\" style=\"visibility: hidden !important;\"><\/div>\t<\/div>\n<script>var htmlDiv = document.getElementById(\"rs-plugin-settings-inline-css\"); var htmlDivCss=\"\";\r\n\t\t\t\tif(htmlDiv) {\r\n\t\t\t\t\thtmlDiv.innerHTML = htmlDiv.innerHTML + htmlDivCss;\r\n\t\t\t\t}else{\r\n\t\t\t\t\tvar htmlDiv = document.createElement(\"div\");\r\n\t\t\t\t\thtmlDiv.innerHTML = \"<style>\" + htmlDivCss + \"<\/style>\";\r\n\t\t\t\t\tdocument.getElementsByTagName(\"head\")[0].appendChild(htmlDiv.childNodes[0]);\r\n\t\t\t\t}\r\n\t\t\t<\/script>\n\t\t<script type=\"text\/javascript\">\r\nif (setREVStartSize!==undefined) setREVStartSize(\r\n\t{c: '#rev_slider_14_1', gridwidth: [2560], gridheight: [400], sliderLayout: 'auto'});\r\n\t\t\t\r\nvar revapi14,\r\n\ttpj;\t\r\n(function() {\t\t\t\r\n\tif (!\/loaded|interactive|complete\/.test(document.readyState)) document.addEventListener(\"DOMContentLoaded\",onLoad)\r\n\t\telse\r\n\tonLoad();\r\n\t\r\n\tfunction onLoad() {\t\t\t\t\r\n\t\tif (tpj===undefined) {\r\n\t\t\ttpj = jQuery;\r\n\r\n\t\t\tif(\"off\" == \"on\") tpj.noConflict();\t\t\r\n\t\t}\r\n\tif(tpj(\"#rev_slider_14_1\").revolution == undefined){\n\t\trevslider_showDoubleJqueryError(\"#rev_slider_14_1\");\n\t}else{\n\t\trevapi14 = tpj(\"#rev_slider_14_1\").show().revolution({\n\t\t\tsliderType:\"standard\",\n\t\t\tjsFileLocation:\"\/\/tovar.eus\/wp-content\/plugins\/revslider\/public\/assets\/js\/\",\n\t\t\tsliderLayout:\"auto\",\n\t\t\tdottedOverlay:\"none\",\n\t\t\tdelay:9000,\n\t\t\tnavigation: {\n\t\t\t\tonHoverStop:\"off\",\n\t\t\t},\n\t\t\tvisibilityLevels:[1240,1024,778,480],\n\t\t\tgridwidth:2560,\n\t\t\tgridheight:400,\n\t\t\tlazyType:\"none\",\n\t\t\tshadow:0,\n\t\t\tspinner:\"spinner0\",\n\t\t\tstopLoop:\"off\",\n\t\t\tstopAfterLoops:-1,\n\t\t\tstopAtSlide:-1,\n\t\t\tshuffle:\"off\",\n\t\t\tautoHeight:\"off\",\n\t\t\tdisableProgressBar:\"on\",\n\t\t\thideThumbsOnMobile:\"off\",\n\t\t\thideSliderAtLimit:0,\n\t\t\thideCaptionAtLimit:0,\n\t\t\thideAllCaptionAtLilmit:0,\n\t\t\tdebugMode:false,\n\t\t\tfallbacks: {\n\t\t\t\tsimplifyAll:\"off\",\n\t\t\t\tnextSlideOnWindowFocus:\"off\",\n\t\t\t\tdisableFocusListener:false,\n\t\t\t}\n\t\t});\n\t}; \/* END OF revapi call *\/\n\t\n }; \/* END OF ON LOAD FUNCTION *\/\r\n}()); \/* END OF WRAPPING FUNCTION *\/\r\n<\/script>\r\n\t\t<\/div><!-- END REVOLUTION SLIDER -->[\/vc_column][\/vc_row][vc_row el_class=\u00bbinbox_banner\u00bb][vc_column][vc_empty_space height=\u00bb1px\u00bb el_class=\u00bbmargen_cientoveinte\u00bb][vc_column_text]<\/p>\n<h2><b>DATOS IDENTIFICATIVOS<\/b><\/h2>\n<p>Est\u00e1s visitando la p\u00e1gina web <a href=\"https:\/\/tovar.eus\">www.tovar.eus<\/a> titularidad de Tovar Goenaga, S.L., con CIF n\u00ba B-20332177 (que en ese documento se llama &lt;&lt;el Titular&gt;&gt;).<\/p>\n<p>&nbsp;<\/p>\n<p>Puedes contactar con el titular POR cualquiera de los siguientes medios:<\/p>\n<p>&nbsp;<\/p>\n<p><strong>Tel\u00e9fono:<\/strong> 943 650 536<\/p>\n<p><strong>Correo electr\u00f3nico de contacto:<\/strong> <a href=\"mailto:info@tovar.eus\">info@tovar.eus<\/a><\/p>\n<p>&nbsp;<\/p>\n<h2><b>HOSPEDAJE WEB<\/b><\/h2>\n<p><strong>Hospedajes y Dominios S.L.<\/strong><br \/>\nCalle Obispo Osmundo n-7-4-B<br \/>\n24400 Ponferrada (Le\u00f3n)<\/p>\n<p>&nbsp;<\/p>\n<p>&nbsp;<\/p>\n<h2><b>USUARIOS<\/b><\/h2>\n<p>Estas condiciones (en adelante Aviso Legal) tienen prodigalidad regular el uso de la p\u00e1gina web de EL TITULAR que pone a disposici\u00f3n del p\u00fablico.<\/p>\n<p>&nbsp;<\/p>\n<p>El acceso y\/o uso de esta p\u00e1gina web de EL TITULAR atribuye la condici\u00f3n de USUARIO, que acepta, desde dicho acceso y\/o uso, las condiciones generales de uso aqu\u00ed reflejadas. Estas condiciones ser\u00e1n de aplicaci\u00f3n independientemente de las condiciones generales de contrataci\u00f3n que en su caso resulten de obligado cumplimiento.<\/p>\n<p>&nbsp;<\/p>\n<h2><b>USO DEL PORTAL<\/b><\/h2>\n<p><a href=\"https:\/\/tovar.eus\">www.tovar.eus<\/a> proporciona el acceso a multitud de informaciones, servicios, programas o datos (en adelante, \u201clos contenidos\u201d) en Internet pertenecientes a EL TITULAR o a sus licenciantes a los que el USUARIO pueda tener acceso.<\/p>\n<p>&nbsp;<\/p>\n<p>El USUARIO asume la responsabilidad del uso del portal. Dicha responsabilidad se extiende al registro que fuese necesario para acceder a determinados servicios o contenidos. En dicho registro el USUARIO ser\u00e1 responsable de aportar informaci\u00f3n real y l\u00edcita. Como consecuencia de este registro, al USUARIO se le puede entregar una contrase\u00f1a de la que ser\u00e1 responsable, comprometi\u00e9ndose a hacer un uso diligente y confidencial de la misma.<\/p>\n<p>&nbsp;<\/p>\n<p>El USUARIO se compromete a hacer un uso adecuado de los contenidos y servicios (p.e. servicios de chat, foros de discusi\u00f3n o grupos de noticias) que EL TITULAR ofrece a trav\u00e9s de su portal y (con car\u00e1cter enunciativo pero no limitativo), a no usarlos para:<\/p>\n<p>&nbsp;<\/p>\n<ul>\n<li>Realizar actividades il\u00edcitas, ilegales o contrarias a la buena fe y al orden p\u00fablico.<\/li>\n<li>Difundir contenidos o propaganda de car\u00e1cter racista, xen\u00f3fobo, pornogr\u00e1fico-ilegal, de apolog\u00eda del terrorismo o atentatorio contra los derechos humanos.<\/li>\n<li>Provocar da\u00f1os en los sistemas f\u00edsicos y l\u00f3gicos de EL TITULAR, de sus proveedores o de terceras personas, introducir o difundir en la red virus inform\u00e1ticos o cualesquiera otros sistemas f\u00edsicos o l\u00f3gicos que sean susceptibles de provocar los da\u00f1os anteriormente mencionados.<\/li>\n<li>Intentar acceder y, en su caso, utilizar las cuentas de correo electr\u00f3nico de otros usuarios y modificar o manipular sus mensajes.<\/li>\n<li>Utilizar el sitio web ni las informaciones que en \u00e9l se contienen con fines comerciales, pol\u00edticos, publicitarios y para cualquier uso comercial, sobre todo el env\u00edo de correos electr\u00f3nicos no solicitados.<\/li>\n<\/ul>\n<p>&nbsp;<\/p>\n<p>EL TITULAR tiene el derecho de retirar todos aquellos comentarios y aportaciones que vulneren el respeto a la dignidad de la persona, que sean discriminatorios, xen\u00f3fobos, racistas, pornogr\u00e1ficos, que atenten contra la juventud o la infancia, el orden o la seguridad p\u00fablica o que, a su juicio, no sean adecuados para su publicaci\u00f3n. En cualquier caso, EL TITULAR no ser\u00e1 responsable de las opiniones vertidas por los usuarios a trav\u00e9s de los foros, chats, u otras herramientas de participaci\u00f3n.<\/p>\n<p>&nbsp;<\/p>\n<h2><b>PROTECCI\u00d3N DE DATOS<\/b><\/h2>\n<p>Todo lo relativo a la pol\u00edtica de protecci\u00f3n de datos se encuentra recogido en el documento de <a href=\"https:\/\/tovar.eus\/politica-de-privacidad\">pol\u00edtica de privacidad<\/a>.<\/p>\n<p>&nbsp;<\/p>\n<h2><b>CONTENIDOS. PROPIEDAD INTELECTUAL E INDUSTRIAL<\/b><\/h2>\n<p>EL TITULAR es propietario de todos los derechos de propiedad intelectual e industrial de su p\u00e1gina web, as\u00ed como de los elementos contenidos en la misma (a t\u00edtulo enunciativo: im\u00e1genes, fotograf\u00edas, sonido, audio, v\u00eddeo, software o textos; marcas o logotipos, combinaciones de colores, estructura y dise\u00f1o, selecci\u00f3n de materiales usados, programas de ordenador necesarios para su funcionamiento, acceso, y uso, etc.), titularidad del TITULAR o de sus licenciantes.<\/p>\n<p>&nbsp;<\/p>\n<p>Todos los derechos reservados. De acuerdo con lo establecido en los art\u00edculos 8 y 32.1, p\u00e1rrafo segundo, de la Ley de Propiedad Intelectual, quedan expresamente prohibidas la reproducci\u00f3n, la distribuci\u00f3n y la comunicaci\u00f3n p\u00fablica, incluida su modalidad de puesta a disposici\u00f3n, de la totalidad o parte de los contenidos de esta p\u00e1gina web, con fines comerciales, en cualquier soporte y por cualquier medio t\u00e9cnico, sin la autorizaci\u00f3n del TITULAR.<\/p>\n<p>&nbsp;<\/p>\n<p>EL USUARIO se compromete a respetar los derechos de Propiedad Intelectual e Industrial titularidad del TITULAR. Podr\u00e1 visualizar los elementos del portal e incluso imprimirlos, copiarlos y almacenarlos en el disco duro de su ordenador o en cualquier otro soporte f\u00edsico siempre y cuando sea, \u00fanica y exclusivamente, para su uso personal y privado. EL USUARIO no podr\u00e1 suprimir, alterar, eludir o manipular cualquier dispositivo de protecci\u00f3n o sistema de seguridad que estuviera instalado en las p\u00e1ginas del TITULAR.<\/p>\n<p>&nbsp;<\/p>\n<h2><b>EXCLUSI\u00d3N DE GARANT\u00cdAS Y RESPONSABILIDAD<\/b><\/h2>\n<p>EL USUARIO reconoce que la utilizaci\u00f3n de la p\u00e1gina web y de sus contenidos y servicios se desarrolla bajo su \u00fanica responsabilidad. En concreto, a t\u00edtulo meramente enunciativo, EL TITULAR no asume ninguna responsabilidad en los siguientes \u00e1mbitos:<\/p>\n<ol>\n<li>La disponibilidad en el funcionamiento de la p\u00e1gina web, sus servicios y contenidos y su calidad o interoperabilidad.<\/li>\n<li>La finalidad para la que la p\u00e1gina web sirva a los objetivos de USUARIO.<\/li>\n<li>La infracci\u00f3n de la legislaci\u00f3n vigente por parte del USUARIO o terceros y, en concreto, de los derechos de propiedad intelectual o industrial que sean propiedad de otras personas o entidades.<\/li>\n<li>La existencia de c\u00f3digos maliciosos o cualquier otro elemento inform\u00e1tico da\u00f1ino que pudiera causar da\u00f1os al sistema inform\u00e1tico del USUARIO o de terceros. Es responsabilidad del USUARIO, en todo caso, disponer de herramientas adecuadas para la detecci\u00f3n y desinfecci\u00f3n de estos elementos.<\/li>\n<li>El acceso fraudulento a los contenidos o servicios por terceros no autorizados, o, en su caso, la captura, eliminaci\u00f3n, alteraci\u00f3n, modificaci\u00f3n o manipulaci\u00f3n de los mensajes y comunicaciones de cualquier clase que dichos terceros pudieran realizar.<\/li>\n<li>La exactitud, veracidad, actualidad y utilidad de los contenidos y servicios ofrecidos y la utilizaci\u00f3n posterior que de ellos haga el USUARIO. EL TITULAR pondr\u00e1 todos los esfuerzos y medios razonables para facilitar la informaci\u00f3n actualizada y fehaciente.<\/li>\n<li>Los da\u00f1os producidos a equipos inform\u00e1ticos durante el acceso a la p\u00e1gina web y los da\u00f1os producidos a los USUARIOS cuando tengan su origen en fallos o desconexiones en las redes de telecomunicaci\u00f3n que interrumpan el servicio.<\/li>\n<li>Los da\u00f1os o perjuicios que se deriven de cirsunstancias ocurridas por caso fortuito o fuerza mayor.<\/li>\n<\/ol>\n<p>En caso de que existan foros, en el uso de los mismos u otros espacios an\u00e1logos, ha de tenerse en cuenta que, los mensajes reflejan \u00fanicamente la opini\u00f3n del USUARIO que los remite, que es el \u00fanico responsable. EL TITULAR no se hace responsable del contenido de los mensajes enviados por el USUARIO.<\/p>\n<p>&nbsp;<\/p>\n<h2><b>MODIFICAIC\u00d3N DE ESTE AVISO LEGAL Y DURACI\u00d3N<\/b><\/h2>\n<p>EL TITULAR se reserva el derecho de realizar sin previo aviso las modificaciones que considere oportunas en su portal, aludiendo cambiar, suprimir o a\u00f1adir tanto los contenidos y servicios que se presten a trav\u00e9s de la misma como la forma en la que \u00e9stos aparezcan presentados o localizados en su portal.<\/p>\n<p>&nbsp;<\/p>\n<p>La vigencia de las citadas condiciones ir\u00e1 en funci\u00f3n de su exposici\u00f3n y estar\u00e1n vigentes hasta que sean modificadas por otras debidamente publicadas.<\/p>\n<p>&nbsp;<\/p>\n<h2><b>ENLACES<\/b><\/h2>\n<p>En el caso de que en www.xxxx.com se incluyesen enlaces o hiperv\u00ednculos a otros sitios de Internet, EL TITULAR no ejercer\u00e1 ning\u00fan tipo de control sobre dichos sitios y contenidos. En ning\u00fan caso EL TITULAR asumir\u00e1 responsabilidad alguna por los contenidos de alg\u00fan enlace perteneciente a un sitio web ajeno, ni garantizar\u00e1 la disponibilidad t\u00e9cnica, calidad, fiabilidad, exactitud, amplitud, veracidad, validez y constitucionalidad de cualquier material o informaci\u00f3n contenido en ning\u00fan de dichos hiperv\u00ednculos u otros sitios de Internet. Igualmente, la inclusi\u00f3n de estas conexiones externas no implicar\u00e1 ning\u00fan tipo de asociaci\u00f3n, fusi\u00f3n o participaci\u00f3n con las entidades conectadas.<\/p>\n<p>&nbsp;<\/p>\n<h2><b>DERECHO DE EXCLUSI\u00d3N<\/b><\/h2>\n<p>EL TITULAR se reserva el derecho a denegar o retirar el acceso a portal y\/o los servicios ofrecidos sin necesidad de advertencia previa, a instancia propia o de un tercero, a aquellos usuarios que incumplan el consentido de este aviso legal.<\/p>\n<p>&nbsp;<\/p>\n<h2><b>GENERALIDADES<\/b><\/h2>\n<p>EL TITULAR perseguir\u00e1 el incumplimiento de estas condiciones as\u00ed como cualquier utilizaci\u00f3n indebida de su portal ejerciendo todas las acciones civiles y penales que le puedan corresponder en derecho.<\/p>\n<p>&nbsp;<\/p>\n<h2><b>LEGISLACI\u00d3N APLICABLE Y JURISDICCI\u00d3N<\/b><\/h2>\n<p>La relaci\u00f3n entre EL TITULAR y el USUARIO se regir\u00e1 por la normativa espa\u00f1ola vigente. Todas las disputas y reclamaciones derivadas de este aviso legal se resolver\u00e1n por juzgados y tribunales competentes.[\/vc_column_text][\/vc_column][\/vc_row][vc_row][vc_column][vc_empty_space height=\u00bb1px\u00bb el_class=\u00bbmargen_cien\u00bb][\/vc_column][\/vc_row]<\/p>\n<\/div>","protected":false},"excerpt":{"rendered":"<p>[vc_row][vc_column][vc_empty_space height=\u00bb1px\u00bb el_class=\u00bbmargen_cincuenta\u00bb][\/vc_column][\/vc_row][vc_row][vc_column][\/vc_column][\/vc_row][vc_row el_class=\u00bbinbox_banner\u00bb][vc_column][vc_empty_space height=\u00bb1px\u00bb el_class=\u00bbmargen_cientoveinte\u00bb][vc_column_text] DATOS IDENTIFICATIVOS Est\u00e1s visitando la p\u00e1gina web www.tovar.eus titularidad de Tovar Goenaga, S.L., con CIF n\u00ba B-20332177 (que en ese documento se llama &lt;&lt;el Titular&gt;&gt;). &nbsp; Puedes contactar con el titular POR cualquiera de los siguientes medios: &nbsp; Tel\u00e9fono: 943 650 536 Correo electr\u00f3nico de contacto: info@tovar.eus &nbsp; HOSPEDAJE &hellip;<\/p>\n","protected":false},"author":1,"featured_media":0,"parent":0,"menu_order":0,"comment_status":"closed","ping_status":"closed","template":"","meta":{"footnotes":""},"class_list":["post-2121","page","type-page","status-publish","hentry"],"yoast_head":"<!-- This site is optimized with the Yoast SEO plugin v27.3 - https:\/\/yoast.com\/product\/yoast-seo-wordpress\/ -->\n<title>Aviso Legal | Tovar<\/title>\n<meta name=\"robots\" content=\"index, follow, max-snippet:-1, max-image-preview:large, max-video-preview:-1\" \/>\n<link rel=\"canonical\" href=\"https:\/\/tovar.eus\/es\/aviso-legal\" \/>\n<meta property=\"og:locale\" content=\"es_ES\" \/>\n<meta property=\"og:type\" content=\"article\" \/>\n<meta property=\"og:title\" content=\"Aviso Legal | Tovar\" \/>\n<meta property=\"og:description\" content=\"[vc_row][vc_column][vc_empty_space height=\u00bb1px\u00bb el_class=\u00bbmargen_cincuenta\u00bb][\/vc_column][\/vc_row][vc_row][vc_column][\/vc_column][\/vc_row][vc_row el_class=\u00bbinbox_banner\u00bb][vc_column][vc_empty_space height=\u00bb1px\u00bb el_class=\u00bbmargen_cientoveinte\u00bb][vc_column_text] DATOS IDENTIFICATIVOS Est\u00e1s visitando la p\u00e1gina web www.tovar.eus titularidad de Tovar Goenaga, S.L., con CIF n\u00ba B-20332177 (que en ese documento se llama &lt;&lt;el Titular&gt;&gt;). &nbsp; Puedes contactar con el titular POR cualquiera de los siguientes medios: &nbsp; Tel\u00e9fono: 943 650 536 Correo electr\u00f3nico de contacto: info@tovar.eus &nbsp; HOSPEDAJE &hellip;\" \/>\n<meta property=\"og:url\" content=\"https:\/\/tovar.eus\/es\/aviso-legal\" \/>\n<meta property=\"og:site_name\" content=\"Tovar\" \/>\n<meta property=\"article:modified_time\" content=\"2023-06-07T07:36:58+00:00\" \/>\n<meta name=\"twitter:card\" content=\"summary_large_image\" \/>\n<meta name=\"twitter:label1\" content=\"Tiempo de lectura\" \/>\n\t<meta name=\"twitter:data1\" content=\"8 minutos\" \/>\n<script type=\"application\/ld+json\" class=\"yoast-schema-graph\">{\"@context\":\"https:\\\/\\\/schema.org\",\"@graph\":[{\"@type\":\"WebPage\",\"@id\":\"https:\\\/\\\/tovar.eus\\\/es\\\/aviso-legal\",\"url\":\"https:\\\/\\\/tovar.eus\\\/es\\\/aviso-legal\",\"name\":\"Aviso Legal | Tovar\",\"isPartOf\":{\"@id\":\"https:\\\/\\\/tovar.eus\\\/#website\"},\"datePublished\":\"2020-06-24T12:17:33+00:00\",\"dateModified\":\"2023-06-07T07:36:58+00:00\",\"breadcrumb\":{\"@id\":\"https:\\\/\\\/tovar.eus\\\/es\\\/aviso-legal#breadcrumb\"},\"inLanguage\":\"es\",\"potentialAction\":[{\"@type\":\"ReadAction\",\"target\":[\"https:\\\/\\\/tovar.eus\\\/es\\\/aviso-legal\"]}]},{\"@type\":\"BreadcrumbList\",\"@id\":\"https:\\\/\\\/tovar.eus\\\/es\\\/aviso-legal#breadcrumb\",\"itemListElement\":[{\"@type\":\"ListItem\",\"position\":1,\"name\":\"Portada\",\"item\":\"https:\\\/\\\/tovar.eus\\\/es\"},{\"@type\":\"ListItem\",\"position\":2,\"name\":\"Aviso Legal\"}]},{\"@type\":\"WebSite\",\"@id\":\"https:\\\/\\\/tovar.eus\\\/#website\",\"url\":\"https:\\\/\\\/tovar.eus\\\/\",\"name\":\"Tovar\",\"description\":\"ura &amp; beroa\",\"publisher\":{\"@id\":\"https:\\\/\\\/tovar.eus\\\/#organization\"},\"potentialAction\":[{\"@type\":\"SearchAction\",\"target\":{\"@type\":\"EntryPoint\",\"urlTemplate\":\"https:\\\/\\\/tovar.eus\\\/?s={search_term_string}\"},\"query-input\":{\"@type\":\"PropertyValueSpecification\",\"valueRequired\":true,\"valueName\":\"search_term_string\"}}],\"inLanguage\":\"es\"},{\"@type\":\"Organization\",\"@id\":\"https:\\\/\\\/tovar.eus\\\/#organization\",\"name\":\"Tovar - ura eta beroa\",\"url\":\"https:\\\/\\\/tovar.eus\\\/\",\"logo\":{\"@type\":\"ImageObject\",\"inLanguage\":\"es\",\"@id\":\"https:\\\/\\\/tovar.eus\\\/#\\\/schema\\\/logo\\\/image\\\/\",\"url\":\"https:\\\/\\\/tovar.eus\\\/wp-content\\\/uploads\\\/2020\\\/03\\\/tovar-logo.png\",\"contentUrl\":\"https:\\\/\\\/tovar.eus\\\/wp-content\\\/uploads\\\/2020\\\/03\\\/tovar-logo.png\",\"width\":200,\"height\":100,\"caption\":\"Tovar - ura eta beroa\"},\"image\":{\"@id\":\"https:\\\/\\\/tovar.eus\\\/#\\\/schema\\\/logo\\\/image\\\/\"}}]}<\/script>\n<!-- \/ Yoast SEO plugin. -->","yoast_head_json":{"title":"Aviso Legal | Tovar","robots":{"index":"index","follow":"follow","max-snippet":"max-snippet:-1","max-image-preview":"max-image-preview:large","max-video-preview":"max-video-preview:-1"},"canonical":"https:\/\/tovar.eus\/es\/aviso-legal","og_locale":"es_ES","og_type":"article","og_title":"Aviso Legal | Tovar","og_description":"[vc_row][vc_column][vc_empty_space height=\u00bb1px\u00bb el_class=\u00bbmargen_cincuenta\u00bb][\/vc_column][\/vc_row][vc_row][vc_column][\/vc_column][\/vc_row][vc_row el_class=\u00bbinbox_banner\u00bb][vc_column][vc_empty_space height=\u00bb1px\u00bb el_class=\u00bbmargen_cientoveinte\u00bb][vc_column_text] DATOS IDENTIFICATIVOS Est\u00e1s visitando la p\u00e1gina web www.tovar.eus titularidad de Tovar Goenaga, S.L., con CIF n\u00ba B-20332177 (que en ese documento se llama &lt;&lt;el Titular&gt;&gt;). &nbsp; Puedes contactar con el titular POR cualquiera de los siguientes medios: &nbsp; Tel\u00e9fono: 943 650 536 Correo electr\u00f3nico de contacto: info@tovar.eus &nbsp; HOSPEDAJE &hellip;","og_url":"https:\/\/tovar.eus\/es\/aviso-legal","og_site_name":"Tovar","article_modified_time":"2023-06-07T07:36:58+00:00","twitter_card":"summary_large_image","twitter_misc":{"Tiempo de lectura":"8 minutos"},"schema":{"@context":"https:\/\/schema.org","@graph":[{"@type":"WebPage","@id":"https:\/\/tovar.eus\/es\/aviso-legal","url":"https:\/\/tovar.eus\/es\/aviso-legal","name":"Aviso Legal | Tovar","isPartOf":{"@id":"https:\/\/tovar.eus\/#website"},"datePublished":"2020-06-24T12:17:33+00:00","dateModified":"2023-06-07T07:36:58+00:00","breadcrumb":{"@id":"https:\/\/tovar.eus\/es\/aviso-legal#breadcrumb"},"inLanguage":"es","potentialAction":[{"@type":"ReadAction","target":["https:\/\/tovar.eus\/es\/aviso-legal"]}]},{"@type":"BreadcrumbList","@id":"https:\/\/tovar.eus\/es\/aviso-legal#breadcrumb","itemListElement":[{"@type":"ListItem","position":1,"name":"Portada","item":"https:\/\/tovar.eus\/es"},{"@type":"ListItem","position":2,"name":"Aviso Legal"}]},{"@type":"WebSite","@id":"https:\/\/tovar.eus\/#website","url":"https:\/\/tovar.eus\/","name":"Tovar","description":"ura &amp; beroa","publisher":{"@id":"https:\/\/tovar.eus\/#organization"},"potentialAction":[{"@type":"SearchAction","target":{"@type":"EntryPoint","urlTemplate":"https:\/\/tovar.eus\/?s={search_term_string}"},"query-input":{"@type":"PropertyValueSpecification","valueRequired":true,"valueName":"search_term_string"}}],"inLanguage":"es"},{"@type":"Organization","@id":"https:\/\/tovar.eus\/#organization","name":"Tovar - ura eta beroa","url":"https:\/\/tovar.eus\/","logo":{"@type":"ImageObject","inLanguage":"es","@id":"https:\/\/tovar.eus\/#\/schema\/logo\/image\/","url":"https:\/\/tovar.eus\/wp-content\/uploads\/2020\/03\/tovar-logo.png","contentUrl":"https:\/\/tovar.eus\/wp-content\/uploads\/2020\/03\/tovar-logo.png","width":200,"height":100,"caption":"Tovar - ura eta beroa"},"image":{"@id":"https:\/\/tovar.eus\/#\/schema\/logo\/image\/"}}]}},"_links":{"self":[{"href":"https:\/\/tovar.eus\/es\/wp-json\/wp\/v2\/pages\/2121","targetHints":{"allow":["GET"]}}],"collection":[{"href":"https:\/\/tovar.eus\/es\/wp-json\/wp\/v2\/pages"}],"about":[{"href":"https:\/\/tovar.eus\/es\/wp-json\/wp\/v2\/types\/page"}],"author":[{"embeddable":true,"href":"https:\/\/tovar.eus\/es\/wp-json\/wp\/v2\/users\/1"}],"replies":[{"embeddable":true,"href":"https:\/\/tovar.eus\/es\/wp-json\/wp\/v2\/comments?post=2121"}],"version-history":[{"count":5,"href":"https:\/\/tovar.eus\/es\/wp-json\/wp\/v2\/pages\/2121\/revisions"}],"predecessor-version":[{"id":2212,"href":"https:\/\/tovar.eus\/es\/wp-json\/wp\/v2\/pages\/2121\/revisions\/2212"}],"wp:attachment":[{"href":"https:\/\/tovar.eus\/es\/wp-json\/wp\/v2\/media?parent=2121"}],"curies":[{"name":"wp","href":"https:\/\/api.w.org\/{rel}","templated":true}]}}